{"id":3658,"date":"2024-02-19T18:20:09","date_gmt":"2024-02-19T17:20:09","guid":{"rendered":"https:\/\/tirardelhilo.info\/?page_id=3658"},"modified":"2024-02-19T18:46:33","modified_gmt":"2024-02-19T17:46:33","slug":"investigacion-2024","status":"publish","type":"page","link":"https:\/\/tirardelhilo.info\/index.php\/inicio\/muros-invisibles\/investigacion-2024\/","title":{"rendered":"Investigaci\u00f3n 2024"},"content":{"rendered":"\t\t<div data-elementor-type=\"wp-page\" data-elementor-id=\"3658\" class=\"elementor elementor-3658\" data-elementor-settings=\"[]\">\n\t\t\t\t\t\t\t<div class=\"elementor-section-wrap\">\n\t\t\t\t\t\t\t<section class=\"elementor-section elementor-top-section elementor-element elementor-element-0095301 elementor-section-stretched elementor-section-boxed elementor-section-height-default elementor-section-height-default\" data-id=\"0095301\" data-element_type=\"section\" data-settings=\"{&quot;stretch_section&quot;:&quot;section-stretched&quot;}\">\n\t\t\t\t\t\t<div class=\"elementor-container elementor-column-gap-extended\">\n\t\t\t\t\t<div class=\"elementor-column elementor-col-100 elementor-top-column elementor-element elementor-element-23e1ed8\" data-id=\"23e1ed8\" data-element_type=\"column\">\n\t\t\t<div class=\"elementor-widget-wrap elementor-element-populated\">\n\t\t\t\t\t\t\t\t<div class=\"elementor-element elementor-element-13b8f7a elementor-widget elementor-widget-heading\" data-id=\"13b8f7a\" data-element_type=\"widget\" data-widget_type=\"heading.default\">\n\t\t\t\t<div class=\"elementor-widget-container\">\n\t\t\t<h1 class=\"elementor-heading-title elementor-size-default\">Estudio exploratorio:<\/h1>\t\t<\/div>\n\t\t\t\t<\/div>\n\t\t\t\t<div class=\"elementor-element elementor-element-93a4baf elementor-widget elementor-widget-text-editor\" data-id=\"93a4baf\" data-element_type=\"widget\" data-widget_type=\"text-editor.default\">\n\t\t\t\t<div class=\"elementor-widget-container\">\n\t\t\t\t\t\t\t\t<p>La protecci\u00f3n de la infancia migrante.<\/p><p>Hijos e hijas de mujeres migradas v\u00edctimas de violencia de g\u00e9nero. \u200b<\/p>\t\t\t\t\t\t<\/div>\n\t\t\t\t<\/div>\n\t\t\t\t\t<\/div>\n\t\t<\/div>\n\t\t\t\t\t\t\t<\/div>\n\t\t<\/section>\n\t\t\t\t<section class=\"elementor-section elementor-top-section elementor-element elementor-element-b5a914a elementor-section-stretched elementor-section-boxed elementor-section-height-default elementor-section-height-default\" data-id=\"b5a914a\" data-element_type=\"section\" data-settings=\"{&quot;stretch_section&quot;:&quot;section-stretched&quot;}\">\n\t\t\t\t\t\t<div class=\"elementor-container elementor-column-gap-extended\">\n\t\t\t\t\t<div class=\"elementor-column elementor-col-100 elementor-top-column elementor-element elementor-element-311b513\" data-id=\"311b513\" data-element_type=\"column\">\n\t\t\t<div class=\"elementor-widget-wrap elementor-element-populated\">\n\t\t\t\t\t\t\t\t<div class=\"elementor-element elementor-element-a35c714 elementor-widget elementor-widget-text-editor\" data-id=\"a35c714\" data-element_type=\"widget\" data-widget_type=\"text-editor.default\">\n\t\t\t\t<div class=\"elementor-widget-container\">\n\t\t\t\t\t\t\t\t<p style=\"text-align: center;\">AIETI y la Red de Mujeres Latinoamericanas y del Caribe iniciaron en 2018 una l\u00ednea de<br \/>investigaci\u00f3n sobre violencia de g\u00e9nero en mujeres migrantes, con metodolog\u00edas<br \/>cuantitativas y cualitativas. En este marco, se han publicado tres informes sobre datos<br \/>estad\u00edsticos de violencia de g\u00e9nero en mujeres migrantes y dos informes cualitativos<br \/>basados en historias de vida. El presente informe presenta los resultados preliminares de una indagaci\u00f3n que se ha realizado a partir de observaciones surgidas en las investigaciones Tirar del Hilo I y Tirar del Hilo II (AIETI \u2013 RED LATINAS, 2021, 2022), que precisaban mayor profundizaci\u00f3n. Nos referimos a la situaci\u00f3n en la que se encuentran los ni\u00f1os, ni\u00f1as y adolescentes, hijos e hijas de las mujeres migradas v\u00edctimas de violencia de g\u00e9nero. Especialmente en el Tirar del Hilo II, se puso en evidencia, que la desprotecci\u00f3n detectada sobre las mujeres afectaba tambi\u00e9n a sus hijos e hijas, y que \u00e9sta estaba relacionada, en cierto sentido,con el estatuto de extranjer\u00eda.<\/p><p style=\"text-align: center;\">El informe consta de tres bloques principales. El primero analiza en profundidad la normativa de protecci\u00f3n de la infancia en Espa\u00f1a, para dilucidar de este marco la actuaci\u00f3n que se ha llevado a cabo con los ni\u00f1os y ni\u00f1as de los casos analizados. En el segundo bloque se realiza un an\u00e1lisis de datos oficiales sobre infancia en el sistema de protecci\u00f3n, con el fin de conocer la tasa de ni\u00f1os y ni\u00f1as extranjeros\/as en \u00e9ste. En el tercer bloque, se analizan historias de Tirar del Hilo revisadas a la luz de la trayectoria y situaci\u00f3n de los ni\u00f1os y ni\u00f1as de las mujeres v\u00edctimas. Con todo ello se han elaborado unas conclusiones preliminares y unas propuestas para la continuidad de la investigaci\u00f3n en este \u00e1mbito.<\/p>\t\t\t\t\t\t<\/div>\n\t\t\t\t<\/div>\n\t\t\t\t\t<\/div>\n\t\t<\/div>\n\t\t\t\t\t\t\t<\/div>\n\t\t<\/section>\n\t\t\t\t<section class=\"elementor-section elementor-top-section elementor-element elementor-element-2d412aa elementor-section-stretched elementor-section-boxed elementor-section-height-default elementor-section-height-default\" data-id=\"2d412aa\" data-element_type=\"section\" data-settings=\"{&quot;stretch_section&quot;:&quot;section-stretched&quot;}\">\n\t\t\t\t\t\t<div class=\"elementor-container elementor-column-gap-default\">\n\t\t\t\t\t<div class=\"elementor-column elementor-col-100 elementor-top-column elementor-element elementor-element-498711c\" data-id=\"498711c\" data-element_type=\"column\">\n\t\t\t<div class=\"elementor-widget-wrap elementor-element-populated\">\n\t\t\t\t\t\t\t\t<div class=\"elementor-element elementor-element-093cf80 elementor-widget elementor-widget-image\" data-id=\"093cf80\" data-element_type=\"widget\" data-widget_type=\"image.default\">\n\t\t\t\t<div class=\"elementor-widget-container\">\n\t\t\t\t\t\t\t\t\t\t\t\t\t\t\t\t<a href=\"https:\/\/tirardelhilo.info\/wp-content\/uploads\/2024\/02\/ESTUDIO-INFANCIA-MIGRANTE-Final.pdf\">\n\t\t\t\t\t\t\t<img width=\"640\" height=\"905\" src=\"https:\/\/tirardelhilo.info\/wp-content\/uploads\/2024\/02\/ESTUDIO-INFANCIA-MIGRANTE-724x1024.png\" class=\"attachment-large size-large\" alt=\"\" loading=\"lazy\" srcset=\"https:\/\/tirardelhilo.info\/wp-content\/uploads\/2024\/02\/ESTUDIO-INFANCIA-MIGRANTE-724x1024.png 724w, https:\/\/tirardelhilo.info\/wp-content\/uploads\/2024\/02\/ESTUDIO-INFANCIA-MIGRANTE-212x300.png 212w, https:\/\/tirardelhilo.info\/wp-content\/uploads\/2024\/02\/ESTUDIO-INFANCIA-MIGRANTE-768x1086.png 768w, https:\/\/tirardelhilo.info\/wp-content\/uploads\/2024\/02\/ESTUDIO-INFANCIA-MIGRANTE-1086x1536.png 1086w, https:\/\/tirardelhilo.info\/wp-content\/uploads\/2024\/02\/ESTUDIO-INFANCIA-MIGRANTE-1448x2048.png 1448w\" sizes=\"(max-width: 640px) 100vw, 640px\" \/>\t\t\t\t\t\t\t\t<\/a>\n\t\t\t\t\t\t\t\t\t\t\t\t\t\t\t<\/div>\n\t\t\t\t<\/div>\n\t\t\t\t\t<\/div>\n\t\t<\/div>\n\t\t\t\t\t\t\t<\/div>\n\t\t<\/section>\n\t\t\t\t\t\t<\/div>\n\t\t\t\t\t<\/div>\n\t\t","protected":false},"excerpt":{"rendered":"<p>Estudio exploratorio: La protecci\u00f3n de la infancia migrante. Hijos e hijas de mujeres migradas v\u00edctimas de violencia de g\u00e9nero. \u200b AIETI y la Red de Mujeres Latinoamericanas y del Caribe iniciaron en 2018 una l\u00ednea de investigaci\u00f3n sobre violencia de g\u00e9nero en mujeres migrantes, con metodolog\u00edas cuantitativas y cualitativas. En este marco, se han publicado [&hellip;]<\/p>\n","protected":false},"author":1,"featured_media":0,"parent":3534,"menu_order":0,"comment_status":"closed","ping_status":"closed","template":"elementor_header_footer","meta":[],"yoast_head":"<!-- This site is optimized with the Yoast SEO plugin v16.4 - https:\/\/yoast.com\/wordpress\/plugins\/seo\/ -->\n<title>Investigaci\u00f3n 2024 - Tirar del hilo<\/title>\n<meta name=\"description\" content=\"Estudio exploratorio: La protecci\u00f3n de la infancia migrante frente a la violencia en Espa\u00f1a. Hijos e hijas de mujeres migradas v\u00edctimas de violencia de g\u00e9nero.\" \/>\n<meta name=\"robots\" content=\"index, follow, max-snippet:-1, max-image-preview:large, max-video-preview:-1\" \/>\n<link rel=\"canonical\" href=\"https:\/\/tirardelhilo.info\/index.php\/inicio\/muros-invisibles\/investigacion-2024\/\" \/>\n<meta property=\"og:locale\" content=\"es_ES\" \/>\n<meta property=\"og:type\" content=\"article\" \/>\n<meta property=\"og:title\" content=\"Investigaci\u00f3n 2024 - Tirar del hilo\" \/>\n<meta property=\"og:description\" content=\"Estudio exploratorio: La protecci\u00f3n de la infancia migrante frente a la violencia en Espa\u00f1a. Hijos e hijas de mujeres migradas v\u00edctimas de violencia de g\u00e9nero.\" \/>\n<meta property=\"og:url\" content=\"https:\/\/tirardelhilo.info\/index.php\/inicio\/muros-invisibles\/investigacion-2024\/\" \/>\n<meta property=\"og:site_name\" content=\"Tirar del hilo\" \/>\n<meta property=\"article:modified_time\" content=\"2024-02-19T17:46:33+00:00\" \/>\n<meta property=\"og:image\" content=\"https:\/\/tirardelhilo.info\/wp-content\/uploads\/2024\/02\/ESTUDIO-INFANCIA-MIGRANTE-724x1024.png\" \/>\n<meta name=\"twitter:card\" content=\"summary_large_image\" \/>\n<meta name=\"twitter:label1\" content=\"Tiempo de lectura\" \/>\n\t<meta name=\"twitter:data1\" content=\"2 minutos\" \/>\n<script type=\"application\/ld+json\" class=\"yoast-schema-graph\">{\"@context\":\"https:\/\/schema.org\",\"@graph\":[{\"@type\":\"Organization\",\"@id\":\"https:\/\/tirardelhilo.info\/#organization\",\"name\":\"Tirar del hilo\",\"url\":\"https:\/\/tirardelhilo.info\/\",\"sameAs\":[],\"logo\":{\"@type\":\"ImageObject\",\"@id\":\"https:\/\/tirardelhilo.info\/#logo\",\"inLanguage\":\"es\",\"url\":\"http:\/\/tirardelhilo.info\/wp-content\/uploads\/2021\/06\/INFORME-scaled.jpg\",\"contentUrl\":\"http:\/\/tirardelhilo.info\/wp-content\/uploads\/2021\/06\/INFORME-scaled.jpg\",\"width\":2560,\"height\":1707,\"caption\":\"Tirar del hilo\"},\"image\":{\"@id\":\"https:\/\/tirardelhilo.info\/#logo\"}},{\"@type\":\"WebSite\",\"@id\":\"https:\/\/tirardelhilo.info\/#website\",\"url\":\"https:\/\/tirardelhilo.info\/\",\"name\":\"Tirar del hilo\",\"description\":\"\",\"publisher\":{\"@id\":\"https:\/\/tirardelhilo.info\/#organization\"},\"potentialAction\":[{\"@type\":\"SearchAction\",\"target\":\"https:\/\/tirardelhilo.info\/?s={search_term_string}\",\"query-input\":\"required name=search_term_string\"}],\"inLanguage\":\"es\"},{\"@type\":\"ImageObject\",\"@id\":\"https:\/\/tirardelhilo.info\/index.php\/inicio\/muros-invisibles\/investigacion-2024\/#primaryimage\",\"inLanguage\":\"es\",\"url\":\"https:\/\/tirardelhilo.info\/wp-content\/uploads\/2024\/02\/ESTUDIO-INFANCIA-MIGRANTE.png\",\"contentUrl\":\"https:\/\/tirardelhilo.info\/wp-content\/uploads\/2024\/02\/ESTUDIO-INFANCIA-MIGRANTE.png\",\"width\":4419,\"height\":6250},{\"@type\":\"WebPage\",\"@id\":\"https:\/\/tirardelhilo.info\/index.php\/inicio\/muros-invisibles\/investigacion-2024\/#webpage\",\"url\":\"https:\/\/tirardelhilo.info\/index.php\/inicio\/muros-invisibles\/investigacion-2024\/\",\"name\":\"Investigaci\\u00f3n 2024 - Tirar del hilo\",\"isPartOf\":{\"@id\":\"https:\/\/tirardelhilo.info\/#website\"},\"primaryImageOfPage\":{\"@id\":\"https:\/\/tirardelhilo.info\/index.php\/inicio\/muros-invisibles\/investigacion-2024\/#primaryimage\"},\"datePublished\":\"2024-02-19T17:20:09+00:00\",\"dateModified\":\"2024-02-19T17:46:33+00:00\",\"description\":\"Estudio exploratorio: La protecci\\u00f3n de la infancia migrante frente a la violencia en Espa\\u00f1a. Hijos e hijas de mujeres migradas v\\u00edctimas de violencia de g\\u00e9nero.\",\"breadcrumb\":{\"@id\":\"https:\/\/tirardelhilo.info\/index.php\/inicio\/muros-invisibles\/investigacion-2024\/#breadcrumb\"},\"inLanguage\":\"es\",\"potentialAction\":[{\"@type\":\"ReadAction\",\"target\":[\"https:\/\/tirardelhilo.info\/index.php\/inicio\/muros-invisibles\/investigacion-2024\/\"]}]},{\"@type\":\"BreadcrumbList\",\"@id\":\"https:\/\/tirardelhilo.info\/index.php\/inicio\/muros-invisibles\/investigacion-2024\/#breadcrumb\",\"itemListElement\":[{\"@type\":\"ListItem\",\"position\":1,\"item\":{\"@type\":\"WebPage\",\"@id\":\"https:\/\/tirardelhilo.info\/\",\"url\":\"https:\/\/tirardelhilo.info\/\",\"name\":\"Portada\"}},{\"@type\":\"ListItem\",\"position\":2,\"item\":{\"@type\":\"WebPage\",\"@id\":\"https:\/\/tirardelhilo.info\/\",\"url\":\"https:\/\/tirardelhilo.info\/\",\"name\":\"Inicio\"}},{\"@type\":\"ListItem\",\"position\":3,\"item\":{\"@type\":\"WebPage\",\"@id\":\"https:\/\/tirardelhilo.info\/index.php\/inicio\/muros-invisibles\/\",\"url\":\"https:\/\/tirardelhilo.info\/index.php\/inicio\/muros-invisibles\/\",\"name\":\"Muros Invisibles\"}},{\"@type\":\"ListItem\",\"position\":4,\"item\":{\"@id\":\"https:\/\/tirardelhilo.info\/index.php\/inicio\/muros-invisibles\/investigacion-2024\/#webpage\"}}]}]}<\/script>\n<!-- \/ Yoast SEO plugin. -->","_links":{"self":[{"href":"https:\/\/tirardelhilo.info\/index.php\/wp-json\/wp\/v2\/pages\/3658"}],"collection":[{"href":"https:\/\/tirardelhilo.info\/index.php\/wp-json\/wp\/v2\/pages"}],"about":[{"href":"https:\/\/tirardelhilo.info\/index.php\/wp-json\/wp\/v2\/types\/page"}],"author":[{"embeddable":true,"href":"https:\/\/tirardelhilo.info\/index.php\/wp-json\/wp\/v2\/users\/1"}],"replies":[{"embeddable":true,"href":"https:\/\/tirardelhilo.info\/index.php\/wp-json\/wp\/v2\/comments?post=3658"}],"version-history":[{"count":21,"href":"https:\/\/tirardelhilo.info\/index.php\/wp-json\/wp\/v2\/pages\/3658\/revisions"}],"predecessor-version":[{"id":3692,"href":"https:\/\/tirardelhilo.info\/index.php\/wp-json\/wp\/v2\/pages\/3658\/revisions\/3692"}],"up":[{"embeddable":true,"href":"https:\/\/tirardelhilo.info\/index.php\/wp-json\/wp\/v2\/pages\/3534"}],"wp:attachment":[{"href":"https:\/\/tirardelhilo.info\/index.php\/wp-json\/wp\/v2\/media?parent=3658"}],"curies":[{"name":"wp","href":"https:\/\/api.w.org\/{rel}","templated":true}]}}