{"id":2931,"date":"2022-11-12T13:10:38","date_gmt":"2022-11-12T12:10:38","guid":{"rendered":"https:\/\/tirardelhilo.info\/?page_id=2931"},"modified":"2022-11-28T10:06:26","modified_gmt":"2022-11-28T09:06:26","slug":"sobre-tirar-del-hilo-2","status":"publish","type":"page","link":"https:\/\/tirardelhilo.info\/index.php\/sobre-tirar-del-hilo-2\/","title":{"rendered":"Sobre Tirar del Hilo II"},"content":{"rendered":"\t\t<div data-elementor-type=\"wp-page\" data-elementor-id=\"2931\" class=\"elementor elementor-2931\" data-elementor-settings=\"[]\">\n\t\t\t\t\t\t\t<div class=\"elementor-section-wrap\">\n\t\t\t\t\t\t\t<section class=\"elementor-section elementor-top-section elementor-element elementor-element-ac63523 elementor-section-boxed elementor-section-height-default elementor-section-height-default\" data-id=\"ac63523\" data-element_type=\"section\">\n\t\t\t\t\t\t<div class=\"elementor-container elementor-column-gap-default\">\n\t\t\t\t\t<div class=\"elementor-column elementor-col-100 elementor-top-column elementor-element elementor-element-33c5d73\" data-id=\"33c5d73\" data-element_type=\"column\">\n\t\t\t<div class=\"elementor-widget-wrap elementor-element-populated\">\n\t\t\t\t\t\t\t\t<div class=\"elementor-element elementor-element-e972a48 elementor-widget elementor-widget-image\" data-id=\"e972a48\" data-element_type=\"widget\" data-widget_type=\"image.default\">\n\t\t\t\t<div class=\"elementor-widget-container\">\n\t\t\t\t\t\t\t\t\t\t\t\t\t\t\t<img width=\"300\" height=\"300\" src=\"https:\/\/tirardelhilo.info\/wp-content\/uploads\/2022\/11\/logotdh-300x300.png\" class=\"attachment-medium size-medium\" alt=\"\" loading=\"lazy\" srcset=\"https:\/\/tirardelhilo.info\/wp-content\/uploads\/2022\/11\/logotdh-300x300.png 300w, https:\/\/tirardelhilo.info\/wp-content\/uploads\/2022\/11\/logotdh-1024x1024.png 1024w, https:\/\/tirardelhilo.info\/wp-content\/uploads\/2022\/11\/logotdh-150x150.png 150w, https:\/\/tirardelhilo.info\/wp-content\/uploads\/2022\/11\/logotdh-768x768.png 768w, https:\/\/tirardelhilo.info\/wp-content\/uploads\/2022\/11\/logotdh-1536x1536.png 1536w, https:\/\/tirardelhilo.info\/wp-content\/uploads\/2022\/11\/logotdh-2048x2048.png 2048w, https:\/\/tirardelhilo.info\/wp-content\/uploads\/2022\/11\/logotdh-400x400.png 400w, https:\/\/tirardelhilo.info\/wp-content\/uploads\/2022\/11\/logotdh-100x100.png 100w\" sizes=\"(max-width: 300px) 100vw, 300px\" \/>\t\t\t\t\t\t\t\t\t\t\t\t\t\t\t<\/div>\n\t\t\t\t<\/div>\n\t\t\t\t<div class=\"elementor-element elementor-element-4396dab elementor-widget elementor-widget-text-editor\" data-id=\"4396dab\" data-element_type=\"widget\" data-widget_type=\"text-editor.default\">\n\t\t\t\t<div class=\"elementor-widget-container\">\n\t\t\t\t\t\t\t\t<p style=\"text-align: left;\"><span style=\"font-weight: 400;\">El informe \u201cTirar del hilo II: Historias de mujeres migradas supervivientes de violencia de g\u00e9nero\u201d ha sido realizado por <strong>AIETI<\/strong> (Asociaci\u00f3n de Investigaci\u00f3n y Especializaci\u00f3n sobre Temas Iberoamericanos) y la <strong>Red de Mujeres Latinoamericanas y del Caribe<\/strong>. Ha contado con el apoyo del Ministerio de Derechos Sociales y Agenda 2030, el Ministerio de Igualdad y el Instituto de las Mujeres.\u00a0<\/span><\/p><p style=\"text-align: left;\"><span style=\"font-weight: 400;\">En el proceso de investigaci\u00f3n del informe particip\u00f3 la <strong>Red de Promotoras Comunitarias contra la Violencia de G\u00e9nero<\/strong>. Las entrevistas en las que se basa fueron realizadas por Beatriz Cantero, Paola Verdejo, Carmela Bautista, Diana Tutistar, Bel\u00e9n Zurita, Wendy Espinosa, Bel\u00e9n Frugoni, Antonia Avalos, Susana Santamar\u00eda, Charo Matero y Cecilia Villalobos.\u00a0<\/span><\/p><p><span style=\"font-weight: 400;\">La web que est\u00e1s leyendo, y toda la campa\u00f1a de comunicaci\u00f3n de este proyecto, es fruto de un <strong>proceso colaborativo. <\/strong>Beatriz Cantero, Paola Verdejo, Silvina Monteros y Bel\u00e9n han puesto voz a la historia que contamos en el podcast, realizado por Paula Morais. Laura Casielles, Tatiana Retamozo y Edith Espinola han participado en su elaboraci\u00f3n. Las ilustraciones son de Benjam\u00edn Mart\u00ednez.<\/span><\/p><p><span style=\"font-weight: 400;\">Las <strong>coordinadoras de este trabajo<\/strong> han sido Tatiana Retamozo, Silvina Monteros, Edith Espinola y Paula Morais.\u00a0<\/span><\/p>\t\t\t\t\t\t<\/div>\n\t\t\t\t<\/div>\n\t\t\t\t\t<\/div>\n\t\t<\/div>\n\t\t\t\t\t\t\t<\/div>\n\t\t<\/section>\n\t\t\t\t<section class=\"elementor-section elementor-top-section elementor-element elementor-element-e76a224 elementor-section-boxed elementor-section-height-default elementor-section-height-default\" data-id=\"e76a224\" data-element_type=\"section\">\n\t\t\t\t\t\t<div class=\"elementor-container elementor-column-gap-default\">\n\t\t\t\t\t<div class=\"elementor-column elementor-col-100 elementor-top-column elementor-element elementor-element-fc29e07\" data-id=\"fc29e07\" data-element_type=\"column\">\n\t\t\t<div class=\"elementor-widget-wrap elementor-element-populated\">\n\t\t\t\t\t\t\t\t<section class=\"elementor-section elementor-inner-section elementor-element elementor-element-6615f93 elementor-section-boxed elementor-section-height-default elementor-section-height-default\" data-id=\"6615f93\" data-element_type=\"section\">\n\t\t\t\t\t\t<div class=\"elementor-container elementor-column-gap-default\">\n\t\t\t\t\t<div class=\"elementor-column elementor-col-50 elementor-inner-column elementor-element elementor-element-8bbf935\" data-id=\"8bbf935\" data-element_type=\"column\">\n\t\t\t<div class=\"elementor-widget-wrap elementor-element-populated\">\n\t\t\t\t\t\t\t\t<div class=\"elementor-element elementor-element-c26e425 elementor-widget elementor-widget-image\" data-id=\"c26e425\" data-element_type=\"widget\" data-widget_type=\"image.default\">\n\t\t\t\t<div class=\"elementor-widget-container\">\n\t\t\t\t\t\t\t\t\t\t\t\t\t\t\t<img width=\"640\" height=\"640\" src=\"https:\/\/tirardelhilo.info\/wp-content\/uploads\/2021\/06\/AIETI.png\" class=\"attachment-large size-large\" alt=\"\" loading=\"lazy\" srcset=\"https:\/\/tirardelhilo.info\/wp-content\/uploads\/2021\/06\/AIETI.png 720w, https:\/\/tirardelhilo.info\/wp-content\/uploads\/2021\/06\/AIETI-300x300.png 300w, https:\/\/tirardelhilo.info\/wp-content\/uploads\/2021\/06\/AIETI-150x150.png 150w, https:\/\/tirardelhilo.info\/wp-content\/uploads\/2021\/06\/AIETI-400x400.png 400w, https:\/\/tirardelhilo.info\/wp-content\/uploads\/2021\/06\/AIETI-100x100.png 100w\" sizes=\"(max-width: 640px) 100vw, 640px\" \/>\t\t\t\t\t\t\t\t\t\t\t\t\t\t\t<\/div>\n\t\t\t\t<\/div>\n\t\t\t\t<div class=\"elementor-element elementor-element-e7447a0 elementor-shape-circle elementor-grid-0 e-grid-align-center elementor-widget elementor-widget-social-icons\" data-id=\"e7447a0\" data-element_type=\"widget\" data-widget_type=\"social-icons.default\">\n\t\t\t\t<div class=\"elementor-widget-container\">\n\t\t\t\t\t<div class=\"elementor-social-icons-wrapper elementor-grid\">\n\t\t\t\t\t\t\t<div class=\"elementor-grid-item\">\n\t\t\t\t\t<a class=\"elementor-icon elementor-social-icon elementor-social-icon-link elementor-repeater-item-076544c\" href=\"https:\/\/aieti.es\/\" target=\"_blank\">\n\t\t\t\t\t\t<span class=\"elementor-screen-only\">Link<\/span>\n\t\t\t\t\t\t<i class=\"fas fa-link\"><\/i>\t\t\t\t\t<\/a>\n\t\t\t\t<\/div>\n\t\t\t\t\t\t\t<div class=\"elementor-grid-item\">\n\t\t\t\t\t<a class=\"elementor-icon elementor-social-icon elementor-social-icon-facebook elementor-repeater-item-2aba5e4\" href=\"https:\/\/www.facebook.com\/AIETIcomunica\/\" target=\"_blank\">\n\t\t\t\t\t\t<span class=\"elementor-screen-only\">Facebook<\/span>\n\t\t\t\t\t\t<i class=\"fab fa-facebook\"><\/i>\t\t\t\t\t<\/a>\n\t\t\t\t<\/div>\n\t\t\t\t\t\t\t<div class=\"elementor-grid-item\">\n\t\t\t\t\t<a class=\"elementor-icon elementor-social-icon elementor-social-icon-twitter elementor-repeater-item-6051e15\" href=\"https:\/\/twitter.com\/AIETIcomunica\" target=\"_blank\">\n\t\t\t\t\t\t<span class=\"elementor-screen-only\">Twitter<\/span>\n\t\t\t\t\t\t<i class=\"fab fa-twitter\"><\/i>\t\t\t\t\t<\/a>\n\t\t\t\t<\/div>\n\t\t\t\t\t\t\t<div class=\"elementor-grid-item\">\n\t\t\t\t\t<a class=\"elementor-icon elementor-social-icon elementor-social-icon-instagram elementor-repeater-item-bf79081\" href=\"https:\/\/www.instagram.com\/aietiongd\" target=\"_blank\">\n\t\t\t\t\t\t<span class=\"elementor-screen-only\">Instagram<\/span>\n\t\t\t\t\t\t<i class=\"fab fa-instagram\"><\/i>\t\t\t\t\t<\/a>\n\t\t\t\t<\/div>\n\t\t\t\t\t\t\t<div class=\"elementor-grid-item\">\n\t\t\t\t\t<a class=\"elementor-icon elementor-social-icon elementor-social-icon-youtube elementor-repeater-item-9b95fba\" href=\"https:\/\/www.youtube.com\/user\/AIETInforma\" target=\"_blank\">\n\t\t\t\t\t\t<span class=\"elementor-screen-only\">Youtube<\/span>\n\t\t\t\t\t\t<i class=\"fab fa-youtube\"><\/i>\t\t\t\t\t<\/a>\n\t\t\t\t<\/div>\n\t\t\t\t\t<\/div>\n\t\t\t\t<\/div>\n\t\t\t\t<\/div>\n\t\t\t\t\t<\/div>\n\t\t<\/div>\n\t\t\t\t<div class=\"elementor-column elementor-col-50 elementor-inner-column elementor-element elementor-element-3657def\" data-id=\"3657def\" data-element_type=\"column\">\n\t\t\t<div class=\"elementor-widget-wrap elementor-element-populated\">\n\t\t\t\t\t\t\t\t<div class=\"elementor-element elementor-element-8c7204f elementor-widget elementor-widget-heading\" data-id=\"8c7204f\" data-element_type=\"widget\" data-widget_type=\"heading.default\">\n\t\t\t\t<div class=\"elementor-widget-container\">\n\t\t\t<h2 class=\"elementor-heading-title elementor-size-default\">AIETI<\/h2>\t\t<\/div>\n\t\t\t\t<\/div>\n\t\t\t\t<div class=\"elementor-element elementor-element-134e415 elementor-widget elementor-widget-text-editor\" data-id=\"134e415\" data-element_type=\"widget\" data-widget_type=\"text-editor.default\">\n\t\t\t\t<div class=\"elementor-widget-container\">\n\t\t\t\t\t\t\t\t<p style=\"text-align: left;\">AIETI es una organizaci\u00f3n no gubernamental de desarrollo, declarada de utilidad p\u00fablica, con 40 a\u00f1os de trayectoria institucional. En los \u00faltimos a\u00f1os ha centrado gran parte de sus esfuerzos en contribuir a la erradicaci\u00f3n de la violencia contra las mujeres y el feminicidio\/femicidio como su m\u00e1xima expresi\u00f3n. Para ello promueve fortalecimiento de capacidades, ciudadan\u00eda cr\u00edtica y alianzas estrat\u00e9gicas para la exigibilidad de los DDHH de las mujeres y j\u00f3venes (en coherencia con su l\u00ednea estrat\u00e9gica de actuar y movilizarse en defensa de los derechos de las mujeres, en especial el derecho a una vida libre de violencias machistas y de toda discriminaci\u00f3n, conectada con la participaci\u00f3n pol\u00edtica, la autonom\u00eda econ\u00f3mica y DDSSRR). Este proyecto se ha realizado en el marco de las acciones de educaci\u00f3n para ciudadan\u00eda del convenio <strong>\u201cPor el derecho de las mujeres, adolescentes y ni\u00f1as a una vida libre de violencias, en las regiones de Cusco y Lima\u201d<\/strong>, financiado por la Agencia Espa\u00f1ola de Cooperaci\u00f3n al Desarrollo (AECID).<\/p>\t\t\t\t\t\t<\/div>\n\t\t\t\t<\/div>\n\t\t\t\t\t<\/div>\n\t\t<\/div>\n\t\t\t\t\t\t\t<\/div>\n\t\t<\/section>\n\t\t\t\t\t<\/div>\n\t\t<\/div>\n\t\t\t\t\t\t\t<\/div>\n\t\t<\/section>\n\t\t\t\t<section class=\"elementor-section elementor-top-section elementor-element elementor-element-bad24c7 elementor-section-boxed elementor-section-height-default elementor-section-height-default\" data-id=\"bad24c7\" data-element_type=\"section\">\n\t\t\t\t\t\t<div class=\"elementor-container elementor-column-gap-default\">\n\t\t\t\t\t<div class=\"elementor-column elementor-col-100 elementor-top-column elementor-element elementor-element-7033fab\" data-id=\"7033fab\" data-element_type=\"column\">\n\t\t\t<div class=\"elementor-widget-wrap elementor-element-populated\">\n\t\t\t\t\t\t\t\t<section class=\"elementor-section elementor-inner-section elementor-element elementor-element-64dba95 elementor-section-boxed elementor-section-height-default elementor-section-height-default\" data-id=\"64dba95\" data-element_type=\"section\">\n\t\t\t\t\t\t<div class=\"elementor-container elementor-column-gap-default\">\n\t\t\t\t\t<div class=\"elementor-column elementor-col-100 elementor-inner-column elementor-element elementor-element-62723ce\" data-id=\"62723ce\" data-element_type=\"column\">\n\t\t\t<div class=\"elementor-widget-wrap\">\n\t\t\t\t\t\t\t\t\t<\/div>\n\t\t<\/div>\n\t\t\t\t\t\t\t<\/div>\n\t\t<\/section>\n\t\t\t\t<section class=\"elementor-section elementor-inner-section elementor-element elementor-element-d980b1b elementor-section-boxed elementor-section-height-default elementor-section-height-default\" data-id=\"d980b1b\" data-element_type=\"section\">\n\t\t\t\t\t\t<div class=\"elementor-container elementor-column-gap-default\">\n\t\t\t\t\t<div class=\"elementor-column elementor-col-50 elementor-inner-column elementor-element elementor-element-74e3e39\" data-id=\"74e3e39\" data-element_type=\"column\">\n\t\t\t<div class=\"elementor-widget-wrap elementor-element-populated\">\n\t\t\t\t\t\t\t\t<div class=\"elementor-element elementor-element-6b320f8 elementor-widget elementor-widget-heading\" data-id=\"6b320f8\" data-element_type=\"widget\" data-widget_type=\"heading.default\">\n\t\t\t\t<div class=\"elementor-widget-container\">\n\t\t\t<h2 class=\"elementor-heading-title elementor-size-default\">RED LATINAS<\/h2>\t\t<\/div>\n\t\t\t\t<\/div>\n\t\t\t\t<div class=\"elementor-element elementor-element-01f7223 elementor-widget elementor-widget-text-editor\" data-id=\"01f7223\" data-element_type=\"widget\" data-widget_type=\"text-editor.default\">\n\t\t\t\t<div class=\"elementor-widget-container\">\n\t\t\t\t\t\t\t\t<p style=\"text-align: left;\">La Red de Mujeres Latinoamericanas y del Caribe, surge desde y por las mujeres migradas para tener voz propia, para expresar lo que atraviesa nuestros cuerpos en primera persona, quer\u00edamos dejar de ser objeto de estudio y reivindicarnos como sujetas pol\u00edticas.<\/p><p style=\"text-align: left;\">La RED de Mujeres Latinoamericanas y del Caribe articula 14 asociaciones y colectivas de mujeres migrantes y mujeres a t\u00edtulo individual, feministas -de origen latinoamericano- en el estado espa\u00f1ol, que \u201chemos decidido enredarnos para que nuestras luchas sean m\u00e1s livianas, nos sostenemos unas a otras para que nuestra voz viaje en el tiempo y alcance otros cuerpos, otras mentes, otras voces\u201d.<\/p>\t\t\t\t\t\t<\/div>\n\t\t\t\t<\/div>\n\t\t\t\t\t<\/div>\n\t\t<\/div>\n\t\t\t\t<div class=\"elementor-column elementor-col-50 elementor-inner-column elementor-element elementor-element-0d8442c\" data-id=\"0d8442c\" data-element_type=\"column\">\n\t\t\t<div class=\"elementor-widget-wrap elementor-element-populated\">\n\t\t\t\t\t\t\t\t<div class=\"elementor-element elementor-element-a70b875 elementor-widget elementor-widget-image\" data-id=\"a70b875\" data-element_type=\"widget\" data-widget_type=\"image.default\">\n\t\t\t\t<div class=\"elementor-widget-container\">\n\t\t\t\t\t\t\t\t\t\t\t\t\t\t\t<img width=\"640\" height=\"640\" src=\"https:\/\/tirardelhilo.info\/wp-content\/uploads\/2021\/06\/RED.png\" class=\"attachment-large size-large\" alt=\"\" loading=\"lazy\" srcset=\"https:\/\/tirardelhilo.info\/wp-content\/uploads\/2021\/06\/RED.png 720w, https:\/\/tirardelhilo.info\/wp-content\/uploads\/2021\/06\/RED-300x300.png 300w, https:\/\/tirardelhilo.info\/wp-content\/uploads\/2021\/06\/RED-150x150.png 150w, https:\/\/tirardelhilo.info\/wp-content\/uploads\/2021\/06\/RED-400x400.png 400w, https:\/\/tirardelhilo.info\/wp-content\/uploads\/2021\/06\/RED-100x100.png 100w\" sizes=\"(max-width: 640px) 100vw, 640px\" \/>\t\t\t\t\t\t\t\t\t\t\t\t\t\t\t<\/div>\n\t\t\t\t<\/div>\n\t\t\t\t<div class=\"elementor-element elementor-element-6e217a2 elementor-shape-circle elementor-grid-0 e-grid-align-center elementor-widget elementor-widget-social-icons\" data-id=\"6e217a2\" data-element_type=\"widget\" data-widget_type=\"social-icons.default\">\n\t\t\t\t<div class=\"elementor-widget-container\">\n\t\t\t\t\t<div class=\"elementor-social-icons-wrapper elementor-grid\">\n\t\t\t\t\t\t\t<div class=\"elementor-grid-item\">\n\t\t\t\t\t<a class=\"elementor-icon elementor-social-icon elementor-social-icon-link elementor-repeater-item-076544c\" href=\"https:\/\/redlatinas.es\/\" target=\"_blank\">\n\t\t\t\t\t\t<span class=\"elementor-screen-only\">Link<\/span>\n\t\t\t\t\t\t<i class=\"fas fa-link\"><\/i>\t\t\t\t\t<\/a>\n\t\t\t\t<\/div>\n\t\t\t\t\t\t\t<div class=\"elementor-grid-item\">\n\t\t\t\t\t<a class=\"elementor-icon elementor-social-icon elementor-social-icon-facebook elementor-repeater-item-2aba5e4\" href=\"https:\/\/www.facebook.com\/redmujereslatinas\/\" target=\"_blank\">\n\t\t\t\t\t\t<span class=\"elementor-screen-only\">Facebook<\/span>\n\t\t\t\t\t\t<i class=\"fab fa-facebook\"><\/i>\t\t\t\t\t<\/a>\n\t\t\t\t<\/div>\n\t\t\t\t\t\t\t<div class=\"elementor-grid-item\">\n\t\t\t\t\t<a class=\"elementor-icon elementor-social-icon elementor-social-icon-twitter elementor-repeater-item-6051e15\" href=\"https:\/\/twitter.com\/redlatinas\" target=\"_blank\">\n\t\t\t\t\t\t<span class=\"elementor-screen-only\">Twitter<\/span>\n\t\t\t\t\t\t<i class=\"fab fa-twitter\"><\/i>\t\t\t\t\t<\/a>\n\t\t\t\t<\/div>\n\t\t\t\t\t\t\t<div class=\"elementor-grid-item\">\n\t\t\t\t\t<a class=\"elementor-icon elementor-social-icon elementor-social-icon-instagram elementor-repeater-item-bf79081\" href=\"https:\/\/www.instagram.com\/redlatinasydelcaribe\/\" target=\"_blank\">\n\t\t\t\t\t\t<span class=\"elementor-screen-only\">Instagram<\/span>\n\t\t\t\t\t\t<i class=\"fab fa-instagram\"><\/i>\t\t\t\t\t<\/a>\n\t\t\t\t<\/div>\n\t\t\t\t\t\t\t<div class=\"elementor-grid-item\">\n\t\t\t\t\t<a class=\"elementor-icon elementor-social-icon elementor-social-icon-youtube elementor-repeater-item-9b95fba\" href=\"https:\/\/www.youtube.com\/channel\/UC8RcurMwU8zSQLP8qnbAktA?view_as=subscriber\" target=\"_blank\">\n\t\t\t\t\t\t<span class=\"elementor-screen-only\">Youtube<\/span>\n\t\t\t\t\t\t<i class=\"fab fa-youtube\"><\/i>\t\t\t\t\t<\/a>\n\t\t\t\t<\/div>\n\t\t\t\t\t<\/div>\n\t\t\t\t<\/div>\n\t\t\t\t<\/div>\n\t\t\t\t\t<\/div>\n\t\t<\/div>\n\t\t\t\t\t\t\t<\/div>\n\t\t<\/section>\n\t\t\t\t\t<\/div>\n\t\t<\/div>\n\t\t\t\t\t\t\t<\/div>\n\t\t<\/section>\n\t\t\t\t\t\t<\/div>\n\t\t\t\t\t<\/div>\n\t\t","protected":false},"excerpt":{"rendered":"<p>El informe \u201cTirar del hilo II: Historias de mujeres migradas supervivientes de violencia de g\u00e9nero\u201d ha sido realizado por AIETI (Asociaci\u00f3n de Investigaci\u00f3n y Especializaci\u00f3n sobre Temas Iberoamericanos) y la Red de Mujeres Latinoamericanas y del Caribe. Ha contado con el apoyo del Ministerio de Derechos Sociales y Agenda 2030, el Ministerio de Igualdad y [&hellip;]<\/p>\n","protected":false},"author":1,"featured_media":2842,"parent":0,"menu_order":0,"comment_status":"closed","ping_status":"closed","template":"elementor_header_footer","meta":[],"yoast_head":"<!-- This site is optimized with the Yoast SEO plugin v16.4 - https:\/\/yoast.com\/wordpress\/plugins\/seo\/ -->\n<title>Sobre Tirar del Hilo II - Tirar del hilo<\/title>\n<meta name=\"description\" content=\"Esta segunda parte del proyecto ha sido impulsada por AIETI y la Red de Mujeres Latinoamericanas y del Caribe\" \/>\n<meta name=\"robots\" content=\"index, follow, max-snippet:-1, max-image-preview:large, max-video-preview:-1\" \/>\n<link rel=\"canonical\" href=\"https:\/\/tirardelhilo.info\/index.php\/sobre-tirar-del-hilo-2\/\" \/>\n<meta property=\"og:locale\" content=\"es_ES\" \/>\n<meta property=\"og:type\" content=\"article\" \/>\n<meta property=\"og:title\" content=\"Sobre Tirar del Hilo II - Tirar del hilo\" \/>\n<meta property=\"og:description\" content=\"Esta segunda parte del proyecto ha sido impulsada por AIETI y la Red de Mujeres Latinoamericanas y del Caribe\" \/>\n<meta property=\"og:url\" content=\"https:\/\/tirardelhilo.info\/index.php\/sobre-tirar-del-hilo-2\/\" \/>\n<meta property=\"og:site_name\" content=\"Tirar del hilo\" \/>\n<meta property=\"article:modified_time\" content=\"2022-11-28T09:06:26+00:00\" \/>\n<meta property=\"og:image\" content=\"https:\/\/tirardelhilo.info\/wp-content\/uploads\/2022\/11\/logotdh.png\" \/>\n\t<meta property=\"og:image:width\" content=\"2251\" \/>\n\t<meta property=\"og:image:height\" content=\"2251\" \/>\n<meta name=\"twitter:card\" content=\"summary_large_image\" \/>\n<meta name=\"twitter:label1\" content=\"Tiempo de lectura\" \/>\n\t<meta name=\"twitter:data1\" content=\"3 minutos\" \/>\n<script type=\"application\/ld+json\" class=\"yoast-schema-graph\">{\"@context\":\"https:\/\/schema.org\",\"@graph\":[{\"@type\":\"Organization\",\"@id\":\"https:\/\/tirardelhilo.info\/#organization\",\"name\":\"Tirar del hilo\",\"url\":\"https:\/\/tirardelhilo.info\/\",\"sameAs\":[],\"logo\":{\"@type\":\"ImageObject\",\"@id\":\"https:\/\/tirardelhilo.info\/#logo\",\"inLanguage\":\"es\",\"url\":\"http:\/\/tirardelhilo.info\/wp-content\/uploads\/2021\/06\/INFORME-scaled.jpg\",\"contentUrl\":\"http:\/\/tirardelhilo.info\/wp-content\/uploads\/2021\/06\/INFORME-scaled.jpg\",\"width\":2560,\"height\":1707,\"caption\":\"Tirar del hilo\"},\"image\":{\"@id\":\"https:\/\/tirardelhilo.info\/#logo\"}},{\"@type\":\"WebSite\",\"@id\":\"https:\/\/tirardelhilo.info\/#website\",\"url\":\"https:\/\/tirardelhilo.info\/\",\"name\":\"Tirar del hilo\",\"description\":\"\",\"publisher\":{\"@id\":\"https:\/\/tirardelhilo.info\/#organization\"},\"potentialAction\":[{\"@type\":\"SearchAction\",\"target\":\"https:\/\/tirardelhilo.info\/?s={search_term_string}\",\"query-input\":\"required name=search_term_string\"}],\"inLanguage\":\"es\"},{\"@type\":\"ImageObject\",\"@id\":\"https:\/\/tirardelhilo.info\/index.php\/sobre-tirar-del-hilo-2\/#primaryimage\",\"inLanguage\":\"es\",\"url\":\"https:\/\/tirardelhilo.info\/wp-content\/uploads\/2022\/11\/logotdh.png\",\"contentUrl\":\"https:\/\/tirardelhilo.info\/wp-content\/uploads\/2022\/11\/logotdh.png\",\"width\":2251,\"height\":2251},{\"@type\":\"WebPage\",\"@id\":\"https:\/\/tirardelhilo.info\/index.php\/sobre-tirar-del-hilo-2\/#webpage\",\"url\":\"https:\/\/tirardelhilo.info\/index.php\/sobre-tirar-del-hilo-2\/\",\"name\":\"Sobre Tirar del Hilo II - Tirar del hilo\",\"isPartOf\":{\"@id\":\"https:\/\/tirardelhilo.info\/#website\"},\"primaryImageOfPage\":{\"@id\":\"https:\/\/tirardelhilo.info\/index.php\/sobre-tirar-del-hilo-2\/#primaryimage\"},\"datePublished\":\"2022-11-12T12:10:38+00:00\",\"dateModified\":\"2022-11-28T09:06:26+00:00\",\"description\":\"Esta segunda parte del proyecto ha sido impulsada por AIETI y la Red de Mujeres Latinoamericanas y del Caribe\",\"breadcrumb\":{\"@id\":\"https:\/\/tirardelhilo.info\/index.php\/sobre-tirar-del-hilo-2\/#breadcrumb\"},\"inLanguage\":\"es\",\"potentialAction\":[{\"@type\":\"ReadAction\",\"target\":[\"https:\/\/tirardelhilo.info\/index.php\/sobre-tirar-del-hilo-2\/\"]}]},{\"@type\":\"BreadcrumbList\",\"@id\":\"https:\/\/tirardelhilo.info\/index.php\/sobre-tirar-del-hilo-2\/#breadcrumb\",\"itemListElement\":[{\"@type\":\"ListItem\",\"position\":1,\"item\":{\"@type\":\"WebPage\",\"@id\":\"https:\/\/tirardelhilo.info\/\",\"url\":\"https:\/\/tirardelhilo.info\/\",\"name\":\"Portada\"}},{\"@type\":\"ListItem\",\"position\":2,\"item\":{\"@id\":\"https:\/\/tirardelhilo.info\/index.php\/sobre-tirar-del-hilo-2\/#webpage\"}}]}]}<\/script>\n<!-- \/ Yoast SEO plugin. -->","_links":{"self":[{"href":"https:\/\/tirardelhilo.info\/index.php\/wp-json\/wp\/v2\/pages\/2931"}],"collection":[{"href":"https:\/\/tirardelhilo.info\/index.php\/wp-json\/wp\/v2\/pages"}],"about":[{"href":"https:\/\/tirardelhilo.info\/index.php\/wp-json\/wp\/v2\/types\/page"}],"author":[{"embeddable":true,"href":"https:\/\/tirardelhilo.info\/index.php\/wp-json\/wp\/v2\/users\/1"}],"replies":[{"embeddable":true,"href":"https:\/\/tirardelhilo.info\/index.php\/wp-json\/wp\/v2\/comments?post=2931"}],"version-history":[{"count":46,"href":"https:\/\/tirardelhilo.info\/index.php\/wp-json\/wp\/v2\/pages\/2931\/revisions"}],"predecessor-version":[{"id":3425,"href":"https:\/\/tirardelhilo.info\/index.php\/wp-json\/wp\/v2\/pages\/2931\/revisions\/3425"}],"wp:featuredmedia":[{"embeddable":true,"href":"https:\/\/tirardelhilo.info\/index.php\/wp-json\/wp\/v2\/media\/2842"}],"wp:attachment":[{"href":"https:\/\/tirardelhilo.info\/index.php\/wp-json\/wp\/v2\/media?parent=2931"}],"curies":[{"name":"wp","href":"https:\/\/api.w.org\/{rel}","templated":true}]}}