{"id":2867,"date":"2022-11-11T20:33:57","date_gmt":"2022-11-11T19:33:57","guid":{"rendered":"https:\/\/tirardelhilo.info\/?page_id=2867"},"modified":"2022-12-07T12:39:14","modified_gmt":"2022-12-07T11:39:14","slug":"tirar-del-hilo-ii-2","status":"publish","type":"page","link":"https:\/\/tirardelhilo.info\/index.php\/tirar-del-hilo-ii-2\/","title":{"rendered":"Tirar del hilo II"},"content":{"rendered":"\t\t<div data-elementor-type=\"wp-page\" data-elementor-id=\"2867\" class=\"elementor elementor-2867\" data-elementor-settings=\"[]\">\n\t\t\t\t\t\t\t<div class=\"elementor-section-wrap\">\n\t\t\t\t\t\t\t<section class=\"elementor-section elementor-top-section elementor-element elementor-element-45834b0 elementor-section-boxed elementor-section-height-default elementor-section-height-default\" data-id=\"45834b0\" data-element_type=\"section\">\n\t\t\t\t\t\t<div class=\"elementor-container elementor-column-gap-default\">\n\t\t\t\t\t<div class=\"elementor-column elementor-col-100 elementor-top-column elementor-element elementor-element-5dbc604\" data-id=\"5dbc604\" data-element_type=\"column\">\n\t\t\t<div class=\"elementor-widget-wrap elementor-element-populated\">\n\t\t\t\t\t\t\t\t<div class=\"elementor-element elementor-element-064ce83 elementor-widget elementor-widget-heading\" data-id=\"064ce83\" data-element_type=\"widget\" data-widget_type=\"heading.default\">\n\t\t\t\t<div class=\"elementor-widget-container\">\n\t\t\t<h1 class=\"elementor-heading-title elementor-size-default\">NUDOS<\/h1>\t\t<\/div>\n\t\t\t\t<\/div>\n\t\t\t\t<div class=\"elementor-element elementor-element-9d1ad38 elementor-widget elementor-widget-heading\" data-id=\"9d1ad38\" data-element_type=\"widget\" data-widget_type=\"heading.default\">\n\t\t\t\t<div class=\"elementor-widget-container\">\n\t\t\t<h2 class=\"elementor-heading-title elementor-size-default\">El podcast de Tirar del Hilo<\/h2>\t\t<\/div>\n\t\t\t\t<\/div>\n\t\t\t\t<div class=\"elementor-element elementor-element-ccf585e elementor-widget elementor-widget-html\" data-id=\"ccf585e\" data-element_type=\"widget\" data-widget_type=\"html.default\">\n\t\t\t\t<div class=\"elementor-widget-container\">\n\t\t\t<iframe style=\"border-radius:12px\" src=\"https:\/\/open.spotify.com\/embed\/episode\/0UB9pP3BI59YBIme135DD6?utm_source=generator&theme=0\" width=\"100%\" height=\"152\" frameBorder=\"0\" allowfullscreen=\"\" allow=\"autoplay; clipboard-write; encrypted-media; fullscreen; picture-in-picture\" loading=\"lazy\"><\/iframe>\t\t<\/div>\n\t\t\t\t<\/div>\n\t\t\t\t<div class=\"elementor-element elementor-element-67e5ac1 elementor-widget elementor-widget-spacer\" data-id=\"67e5ac1\" data-element_type=\"widget\" data-widget_type=\"spacer.default\">\n\t\t\t\t<div class=\"elementor-widget-container\">\n\t\t\t\t\t<div class=\"elementor-spacer\">\n\t\t\t<div class=\"elementor-spacer-inner\"><\/div>\n\t\t<\/div>\n\t\t\t\t<\/div>\n\t\t\t\t<\/div>\n\t\t\t\t<div class=\"elementor-element elementor-element-806f9b2 elementor-arrows-position-outside elementor-pagination-position-outside elementor-widget elementor-widget-image-carousel\" data-id=\"806f9b2\" data-element_type=\"widget\" data-settings=\"{&quot;navigation&quot;:&quot;both&quot;,&quot;autoplay&quot;:&quot;yes&quot;,&quot;pause_on_hover&quot;:&quot;yes&quot;,&quot;pause_on_interaction&quot;:&quot;yes&quot;,&quot;autoplay_speed&quot;:5000,&quot;infinite&quot;:&quot;yes&quot;,&quot;speed&quot;:500}\" data-widget_type=\"image-carousel.default\">\n\t\t\t\t<div class=\"elementor-widget-container\">\n\t\t\t\t\t<div class=\"elementor-image-carousel-wrapper swiper-container\" dir=\"ltr\">\n\t\t\t<div class=\"elementor-image-carousel swiper-wrapper\">\n\t\t\t\t<div class=\"swiper-slide\"><a data-elementor-open-lightbox=\"yes\" data-elementor-lightbox-slideshow=\"806f9b2\" data-elementor-lightbox-title=\"Introducci\u00f3n - Tirar del hilo\" href=\"https:\/\/tirardelhilo.info\/index.php\/episodios\/\"><figure class=\"swiper-slide-inner\"><img class=\"swiper-slide-image\" src=\"https:\/\/tirardelhilo.info\/wp-content\/uploads\/2022\/11\/imagenes_podcast-41-300x300.png\" alt=\"Introducci\u00f3n - Tirar del hilo\" \/><\/figure><\/a><\/div><div class=\"swiper-slide\"><a data-elementor-open-lightbox=\"yes\" data-elementor-lightbox-slideshow=\"806f9b2\" data-elementor-lightbox-title=\"Episodio 1 - Puntadas invisibles\" href=\"https:\/\/tirardelhilo.info\/index.php\/episodios\/\"><figure class=\"swiper-slide-inner\"><img class=\"swiper-slide-image\" src=\"https:\/\/tirardelhilo.info\/wp-content\/uploads\/2022\/11\/imagenes_podcast-26-300x300.png\" alt=\"Episodio 1 - Puntadas invisibles\" \/><\/figure><\/a><\/div><div class=\"swiper-slide\"><a data-elementor-open-lightbox=\"yes\" data-elementor-lightbox-slideshow=\"806f9b2\" data-elementor-lightbox-title=\"Episodio 2 - Cortar el hilo\" href=\"https:\/\/tirardelhilo.info\/index.php\/episodios\/\"><figure class=\"swiper-slide-inner\"><img class=\"swiper-slide-image\" src=\"https:\/\/tirardelhilo.info\/wp-content\/uploads\/2022\/11\/imagenes_podcast-27-300x300.png\" alt=\"Episodio 2 - Cortar el hilo\" \/><\/figure><\/a><\/div><div class=\"swiper-slide\"><a data-elementor-open-lightbox=\"yes\" data-elementor-lightbox-slideshow=\"806f9b2\" data-elementor-lightbox-title=\"Episodio 3 - Enredar la madeja\" href=\"https:\/\/tirardelhilo.info\/index.php\/episodios\/\"><figure class=\"swiper-slide-inner\"><img class=\"swiper-slide-image\" src=\"https:\/\/tirardelhilo.info\/wp-content\/uploads\/2022\/11\/imagenes_podcast-28-300x300.png\" alt=\"Episodio 3 - Enredar la madeja\" \/><\/figure><\/a><\/div><div class=\"swiper-slide\"><a data-elementor-open-lightbox=\"yes\" data-elementor-lightbox-slideshow=\"806f9b2\" data-elementor-lightbox-title=\"Episodio 4 - El tejido m\u00e1s fino\" href=\"https:\/\/tirardelhilo.info\/index.php\/episodios\/\"><figure class=\"swiper-slide-inner\"><img class=\"swiper-slide-image\" src=\"https:\/\/tirardelhilo.info\/wp-content\/uploads\/2022\/11\/imagenes_podcast-29-300x300.png\" alt=\"Episodio 4 - El tejido m\u00e1s fino\" \/><\/figure><\/a><\/div><div class=\"swiper-slide\"><a data-elementor-open-lightbox=\"yes\" data-elementor-lightbox-slideshow=\"806f9b2\" data-elementor-lightbox-title=\"Episodio 5 - Desenredar y desanudar\" href=\"https:\/\/tirardelhilo.info\/index.php\/episodios\/\"><figure class=\"swiper-slide-inner\"><img class=\"swiper-slide-image\" src=\"https:\/\/tirardelhilo.info\/wp-content\/uploads\/2022\/11\/imagenes_podcast-30-300x300.png\" alt=\"Episodio 5 - Desenredar y desanudar\" \/><\/figure><\/a><\/div><div class=\"swiper-slide\"><a data-elementor-open-lightbox=\"yes\" data-elementor-lightbox-slideshow=\"806f9b2\" data-elementor-lightbox-title=\"Ep\u00edlogo - La siguiente puntada\" href=\"https:\/\/tirardelhilo.info\/index.php\/episodios\/\"><figure class=\"swiper-slide-inner\"><img class=\"swiper-slide-image\" src=\"https:\/\/tirardelhilo.info\/wp-content\/uploads\/2022\/11\/imagenes_podcast-40-300x300.png\" alt=\"Ep\u00edlogo - La siguiente puntada\" \/><\/figure><\/a><\/div>\t\t\t<\/div>\n\t\t\t\t\t\t\t\t\t\t\t\t<div class=\"swiper-pagination\"><\/div>\n\t\t\t\t\t\t\t\t\t\t\t\t\t<div class=\"elementor-swiper-button elementor-swiper-button-prev\">\n\t\t\t\t\t\t<i class=\"eicon-chevron-left\" aria-hidden=\"true\"><\/i>\n\t\t\t\t\t\t<span class=\"elementor-screen-only\">Anterior<\/span>\n\t\t\t\t\t<\/div>\n\t\t\t\t\t<div class=\"elementor-swiper-button elementor-swiper-button-next\">\n\t\t\t\t\t\t<i class=\"eicon-chevron-right\" aria-hidden=\"true\"><\/i>\n\t\t\t\t\t\t<span class=\"elementor-screen-only\">Siguiente<\/span>\n\t\t\t\t\t<\/div>\n\t\t\t\t\t\t\t\t\t<\/div>\n\t\t\t\t<\/div>\n\t\t\t\t<\/div>\n\t\t\t\t<section class=\"elementor-section elementor-inner-section elementor-element elementor-element-abddda6 elementor-section-boxed elementor-section-height-default elementor-section-height-default\" data-id=\"abddda6\" data-element_type=\"section\">\n\t\t\t\t\t\t<div class=\"elementor-container elementor-column-gap-default\">\n\t\t\t\t\t<div class=\"elementor-column elementor-col-100 elementor-inner-column elementor-element elementor-element-e803543\" data-id=\"e803543\" data-element_type=\"column\">\n\t\t\t<div class=\"elementor-widget-wrap elementor-element-populated\">\n\t\t\t\t\t\t\t\t<div class=\"elementor-element elementor-element-b4c3409 elementor-widget elementor-widget-text-editor\" data-id=\"b4c3409\" data-element_type=\"widget\" data-widget_type=\"text-editor.default\">\n\t\t\t\t<div class=\"elementor-widget-container\">\n\t\t\t\t\t\t\t\t<p style=\"text-align: center;\"><span style=\"font-weight: 400;\">Este podcast se centra en la historia de Bel\u00e9n y de c\u00f3mo sali\u00f3 adelante con dos hijos.<\/span><span style=\"font-weight: 400;\">\u00a0Tambi\u00e9n escuchar\u00e1s a Paola, una promotora comunitaria que cuenta c\u00f3mo acompa\u00f1a a mujeres en situaciones similares<\/span><span style=\"font-weight: 400;\">. Silvina habla de las otras historias recogidas en la investigaci\u00f3n<\/span>.<span style=\"font-weight: 400;\"> Sus voces, al trenzarse, nos pueden ayudar a desenredar la madeja.<\/span><\/p>\t\t\t\t\t\t<\/div>\n\t\t\t\t<\/div>\n\t\t\t\t<div class=\"elementor-element elementor-element-8261d71 elementor-align-center elementor-widget elementor-widget-button\" data-id=\"8261d71\" data-element_type=\"widget\" data-widget_type=\"button.default\">\n\t\t\t\t<div class=\"elementor-widget-container\">\n\t\t\t\t\t<div class=\"elementor-button-wrapper\">\n\t\t\t<a href=\"https:\/\/tirardelhilo.info\/index.php\/episodios\/\" class=\"elementor-button-link elementor-button elementor-size-xl\" role=\"button\">\n\t\t\t\t\t\t<span class=\"elementor-button-content-wrapper\">\n\t\t\t\t\t\t<span class=\"elementor-button-text\">Todos los episodios<\/span>\n\t\t<\/span>\n\t\t\t\t\t<\/a>\n\t\t<\/div>\n\t\t\t\t<\/div>\n\t\t\t\t<\/div>\n\t\t\t\t<div class=\"elementor-element elementor-element-b70cc57 elementor-widget elementor-widget-image\" data-id=\"b70cc57\" data-element_type=\"widget\" data-widget_type=\"image.default\">\n\t\t\t\t<div class=\"elementor-widget-container\">\n\t\t\t\t\t\t\t\t\t\t\t\t\t\t\t<img width=\"640\" height=\"640\" src=\"https:\/\/tirardelhilo.info\/wp-content\/uploads\/2022\/11\/logotdh-1024x1024.png\" class=\"attachment-large size-large\" alt=\"\" loading=\"lazy\" srcset=\"https:\/\/tirardelhilo.info\/wp-content\/uploads\/2022\/11\/logotdh-1024x1024.png 1024w, https:\/\/tirardelhilo.info\/wp-content\/uploads\/2022\/11\/logotdh-300x300.png 300w, https:\/\/tirardelhilo.info\/wp-content\/uploads\/2022\/11\/logotdh-150x150.png 150w, https:\/\/tirardelhilo.info\/wp-content\/uploads\/2022\/11\/logotdh-768x768.png 768w, https:\/\/tirardelhilo.info\/wp-content\/uploads\/2022\/11\/logotdh-1536x1536.png 1536w, https:\/\/tirardelhilo.info\/wp-content\/uploads\/2022\/11\/logotdh-2048x2048.png 2048w, https:\/\/tirardelhilo.info\/wp-content\/uploads\/2022\/11\/logotdh-400x400.png 400w, https:\/\/tirardelhilo.info\/wp-content\/uploads\/2022\/11\/logotdh-100x100.png 100w\" sizes=\"(max-width: 640px) 100vw, 640px\" \/>\t\t\t\t\t\t\t\t\t\t\t\t\t\t\t<\/div>\n\t\t\t\t<\/div>\n\t\t\t\t\t<\/div>\n\t\t<\/div>\n\t\t\t\t\t\t\t<\/div>\n\t\t<\/section>\n\t\t\t\t\t<\/div>\n\t\t<\/div>\n\t\t\t\t\t\t\t<\/div>\n\t\t<\/section>\n\t\t\t\t<section class=\"elementor-section elementor-top-section elementor-element elementor-element-c47b97c elementor-section-boxed elementor-section-height-default elementor-section-height-default\" data-id=\"c47b97c\" data-element_type=\"section\">\n\t\t\t\t\t\t<div class=\"elementor-container elementor-column-gap-default\">\n\t\t\t\t\t<div class=\"elementor-column elementor-col-100 elementor-top-column elementor-element elementor-element-8057243\" data-id=\"8057243\" data-element_type=\"column\">\n\t\t\t<div class=\"elementor-widget-wrap elementor-element-populated\">\n\t\t\t\t\t\t\t\t<div class=\"elementor-element elementor-element-5204ad4 elementor-widget elementor-widget-heading\" data-id=\"5204ad4\" data-element_type=\"widget\" data-widget_type=\"heading.default\">\n\t\t\t\t<div class=\"elementor-widget-container\">\n\t\t\t<h2 class=\"elementor-heading-title elementor-size-default\">Tirar del hilo II - Historias de Vida: Debida diligencia y protecci\u00f3n\nde las mujeres migradas frente a la violencia machista<\/h2>\t\t<\/div>\n\t\t\t\t<\/div>\n\t\t\t\t<div class=\"elementor-element elementor-element-6bf938d elementor-widget elementor-widget-text-editor\" data-id=\"6bf938d\" data-element_type=\"widget\" data-widget_type=\"text-editor.default\">\n\t\t\t\t<div class=\"elementor-widget-container\">\n\t\t\t\t\t\t\t\t<p>Este informe presenta los resultados de la segunda investigaci\u00f3n sobre violencia de g\u00e9nero en mujeres<br \/>migrantes, llevada a cabo por AIETI, cuyo objetivo es continuar analizando la situaci\u00f3n espec\u00edfica<br \/>de estas, tanto en relaci\u00f3n a las violencias experimentadas, como respecto a su acceso a los distintos<br \/>recursos de protecci\u00f3n y atenci\u00f3n sobre la materia.<\/p>\t\t\t\t\t\t<\/div>\n\t\t\t\t<\/div>\n\t\t\t\t<div class=\"elementor-element elementor-element-71aeb46 elementor-align-center elementor-widget elementor-widget-button\" data-id=\"71aeb46\" data-element_type=\"widget\" data-widget_type=\"button.default\">\n\t\t\t\t<div class=\"elementor-widget-container\">\n\t\t\t\t\t<div class=\"elementor-button-wrapper\">\n\t\t\t<a href=\"https:\/\/tirardelhilo.info\/index.php\/informe-2022\/\" target=\"_blank\" class=\"elementor-button-link elementor-button elementor-size-lg\" role=\"button\">\n\t\t\t\t\t\t<span class=\"elementor-button-content-wrapper\">\n\t\t\t\t\t\t<span class=\"elementor-button-text\">ACCEDE A LA INVESTIGACI\u00d3N<\/span>\n\t\t<\/span>\n\t\t\t\t\t<\/a>\n\t\t<\/div>\n\t\t\t\t<\/div>\n\t\t\t\t<\/div>\n\t\t\t\t\t<\/div>\n\t\t<\/div>\n\t\t\t\t\t\t\t<\/div>\n\t\t<\/section>\n\t\t\t\t\t\t<\/div>\n\t\t\t\t\t<\/div>\n\t\t","protected":false},"excerpt":{"rendered":"<p>NUDOS El podcast de Tirar del Hilo Anterior Siguiente Este podcast se centra en la historia de Bel\u00e9n y de c\u00f3mo sali\u00f3 adelante con dos hijos.\u00a0Tambi\u00e9n escuchar\u00e1s a Paola, una promotora comunitaria que cuenta c\u00f3mo acompa\u00f1a a mujeres en situaciones similares. Silvina habla de las otras historias recogidas en la investigaci\u00f3n. Sus voces, al trenzarse, [&hellip;]<\/p>\n","protected":false},"author":1,"featured_media":2842,"parent":0,"menu_order":0,"comment_status":"closed","ping_status":"closed","template":"elementor_header_footer","meta":[],"yoast_head":"<!-- This site is optimized with the Yoast SEO plugin v16.4 - https:\/\/yoast.com\/wordpress\/plugins\/seo\/ -->\n<title>Tirar del hilo II - Tirar del hilo<\/title>\n<meta name=\"description\" content=\"&quot;Tirar del hilo II - Historias de Vida: Debida diligencia y protecci\u00f3nde las mujeres migradas frente a la violencia machista&quot;\" \/>\n<meta name=\"robots\" content=\"index, follow, max-snippet:-1, max-image-preview:large, max-video-preview:-1\" \/>\n<link rel=\"canonical\" href=\"https:\/\/tirardelhilo.info\/index.php\/tirar-del-hilo-ii-2\/\" \/>\n<meta property=\"og:locale\" content=\"es_ES\" \/>\n<meta property=\"og:type\" content=\"article\" \/>\n<meta property=\"og:title\" content=\"Tirar del hilo II - Tirar del hilo\" \/>\n<meta property=\"og:description\" content=\"&quot;Tirar del hilo II - Historias de Vida: Debida diligencia y protecci\u00f3nde las mujeres migradas frente a la violencia machista&quot;\" \/>\n<meta property=\"og:url\" content=\"https:\/\/tirardelhilo.info\/index.php\/tirar-del-hilo-ii-2\/\" \/>\n<meta property=\"og:site_name\" content=\"Tirar del hilo\" \/>\n<meta property=\"article:modified_time\" content=\"2022-12-07T11:39:14+00:00\" \/>\n<meta property=\"og:image\" content=\"https:\/\/tirardelhilo.info\/wp-content\/uploads\/2022\/11\/logotdh.png\" \/>\n\t<meta property=\"og:image:width\" content=\"2251\" \/>\n\t<meta property=\"og:image:height\" content=\"2251\" \/>\n<meta name=\"twitter:card\" content=\"summary_large_image\" \/>\n<meta name=\"twitter:label1\" content=\"Tiempo de lectura\" \/>\n\t<meta name=\"twitter:data1\" content=\"4 minutos\" \/>\n<script type=\"application\/ld+json\" class=\"yoast-schema-graph\">{\"@context\":\"https:\/\/schema.org\",\"@graph\":[{\"@type\":\"Organization\",\"@id\":\"https:\/\/tirardelhilo.info\/#organization\",\"name\":\"Tirar del hilo\",\"url\":\"https:\/\/tirardelhilo.info\/\",\"sameAs\":[],\"logo\":{\"@type\":\"ImageObject\",\"@id\":\"https:\/\/tirardelhilo.info\/#logo\",\"inLanguage\":\"es\",\"url\":\"http:\/\/tirardelhilo.info\/wp-content\/uploads\/2021\/06\/INFORME-scaled.jpg\",\"contentUrl\":\"http:\/\/tirardelhilo.info\/wp-content\/uploads\/2021\/06\/INFORME-scaled.jpg\",\"width\":2560,\"height\":1707,\"caption\":\"Tirar del hilo\"},\"image\":{\"@id\":\"https:\/\/tirardelhilo.info\/#logo\"}},{\"@type\":\"WebSite\",\"@id\":\"https:\/\/tirardelhilo.info\/#website\",\"url\":\"https:\/\/tirardelhilo.info\/\",\"name\":\"Tirar del hilo\",\"description\":\"\",\"publisher\":{\"@id\":\"https:\/\/tirardelhilo.info\/#organization\"},\"potentialAction\":[{\"@type\":\"SearchAction\",\"target\":\"https:\/\/tirardelhilo.info\/?s={search_term_string}\",\"query-input\":\"required name=search_term_string\"}],\"inLanguage\":\"es\"},{\"@type\":\"ImageObject\",\"@id\":\"https:\/\/tirardelhilo.info\/index.php\/tirar-del-hilo-ii-2\/#primaryimage\",\"inLanguage\":\"es\",\"url\":\"https:\/\/tirardelhilo.info\/wp-content\/uploads\/2022\/11\/logotdh.png\",\"contentUrl\":\"https:\/\/tirardelhilo.info\/wp-content\/uploads\/2022\/11\/logotdh.png\",\"width\":2251,\"height\":2251},{\"@type\":\"WebPage\",\"@id\":\"https:\/\/tirardelhilo.info\/index.php\/tirar-del-hilo-ii-2\/#webpage\",\"url\":\"https:\/\/tirardelhilo.info\/index.php\/tirar-del-hilo-ii-2\/\",\"name\":\"Tirar del hilo II - Tirar del hilo\",\"isPartOf\":{\"@id\":\"https:\/\/tirardelhilo.info\/#website\"},\"primaryImageOfPage\":{\"@id\":\"https:\/\/tirardelhilo.info\/index.php\/tirar-del-hilo-ii-2\/#primaryimage\"},\"datePublished\":\"2022-11-11T19:33:57+00:00\",\"dateModified\":\"2022-12-07T11:39:14+00:00\",\"description\":\"\\\"Tirar del hilo II - Historias de Vida: Debida diligencia y protecci\\u00f3nde las mujeres migradas frente a la violencia machista\\\"\",\"breadcrumb\":{\"@id\":\"https:\/\/tirardelhilo.info\/index.php\/tirar-del-hilo-ii-2\/#breadcrumb\"},\"inLanguage\":\"es\",\"potentialAction\":[{\"@type\":\"ReadAction\",\"target\":[\"https:\/\/tirardelhilo.info\/index.php\/tirar-del-hilo-ii-2\/\"]}]},{\"@type\":\"BreadcrumbList\",\"@id\":\"https:\/\/tirardelhilo.info\/index.php\/tirar-del-hilo-ii-2\/#breadcrumb\",\"itemListElement\":[{\"@type\":\"ListItem\",\"position\":1,\"item\":{\"@type\":\"WebPage\",\"@id\":\"https:\/\/tirardelhilo.info\/\",\"url\":\"https:\/\/tirardelhilo.info\/\",\"name\":\"Portada\"}},{\"@type\":\"ListItem\",\"position\":2,\"item\":{\"@id\":\"https:\/\/tirardelhilo.info\/index.php\/tirar-del-hilo-ii-2\/#webpage\"}}]}]}<\/script>\n<!-- \/ Yoast SEO plugin. -->","_links":{"self":[{"href":"https:\/\/tirardelhilo.info\/index.php\/wp-json\/wp\/v2\/pages\/2867"}],"collection":[{"href":"https:\/\/tirardelhilo.info\/index.php\/wp-json\/wp\/v2\/pages"}],"about":[{"href":"https:\/\/tirardelhilo.info\/index.php\/wp-json\/wp\/v2\/types\/page"}],"author":[{"embeddable":true,"href":"https:\/\/tirardelhilo.info\/index.php\/wp-json\/wp\/v2\/users\/1"}],"replies":[{"embeddable":true,"href":"https:\/\/tirardelhilo.info\/index.php\/wp-json\/wp\/v2\/comments?post=2867"}],"version-history":[{"count":68,"href":"https:\/\/tirardelhilo.info\/index.php\/wp-json\/wp\/v2\/pages\/2867\/revisions"}],"predecessor-version":[{"id":3532,"href":"https:\/\/tirardelhilo.info\/index.php\/wp-json\/wp\/v2\/pages\/2867\/revisions\/3532"}],"wp:featuredmedia":[{"embeddable":true,"href":"https:\/\/tirardelhilo.info\/index.php\/wp-json\/wp\/v2\/media\/2842"}],"wp:attachment":[{"href":"https:\/\/tirardelhilo.info\/index.php\/wp-json\/wp\/v2\/media?parent=2867"}],"curies":[{"name":"wp","href":"https:\/\/api.w.org\/{rel}","templated":true}]}}