{"id":1209,"date":"2021-06-02T00:16:52","date_gmt":"2021-06-01T22:16:52","guid":{"rendered":"http:\/\/tirardelhilo.info\/?page_id=1209"},"modified":"2022-11-28T09:49:06","modified_gmt":"2022-11-28T08:49:06","slug":"sobre-tirar-del-hilo-1","status":"publish","type":"page","link":"https:\/\/tirardelhilo.info\/index.php\/sobre-tirar-del-hilo-1\/","title":{"rendered":"Sobre Tirar del Hilo I"},"content":{"rendered":"\t\t<div data-elementor-type=\"wp-page\" data-elementor-id=\"1209\" class=\"elementor elementor-1209\" data-elementor-settings=\"[]\">\n\t\t\t\t\t\t\t<div class=\"elementor-section-wrap\">\n\t\t\t\t\t\t\t<section class=\"elementor-section elementor-top-section elementor-element elementor-element-41b4276 elementor-section-boxed elementor-section-height-default elementor-section-height-default\" data-id=\"41b4276\" data-element_type=\"section\">\n\t\t\t\t\t\t<div class=\"elementor-container elementor-column-gap-default\">\n\t\t\t\t\t<div class=\"elementor-column elementor-col-100 elementor-top-column elementor-element elementor-element-ce04f2f\" data-id=\"ce04f2f\" data-element_type=\"column\">\n\t\t\t<div class=\"elementor-widget-wrap elementor-element-populated\">\n\t\t\t\t\t\t\t\t<div class=\"elementor-element elementor-element-ad70d70 elementor-widget elementor-widget-text-editor\" data-id=\"ad70d70\" data-element_type=\"widget\" data-widget_type=\"text-editor.default\">\n\t\t\t\t<div class=\"elementor-widget-container\">\n\t\t\t\t\t\t\t\t<p style=\"text-align: left;\"><span style=\"font-weight: 400;\">El informe \u201cTirar del hilo: Historias de mujeres migradas supervivientes de violencia machista\u201d ha sido realizado por <strong>AIETI<\/strong> (Asociaci\u00f3n de Investigaci\u00f3n y Especializaci\u00f3n sobre Temas Iberoamericanos) y la <strong>Red de Mujeres Latinoamericanas y del Caribe<\/strong>. Ha contado con el apoyo de la Universidad Aut\u00f3noma de Madrid (<strong>UAM<\/strong>) y la Agencia Espa\u00f1ola de Cooperaci\u00f3n al Desarrollo (<strong>AECID<\/strong>).\u00a0<\/span><\/p><p style=\"text-align: left;\"><span style=\"font-weight: 400;\">En el proceso de investigaci\u00f3n del informe particip\u00f3 la <strong>Red de Promotoras Comunitarias contra la Violencia de G\u00e9nero<\/strong>. Las entrevistas en las que se basa fueron realizadas por Helia del Rosario, Paola Verdejo, Diana Tutistar, Celia Barciero, Wendy Espinosa, Bel\u00e9n Frugoni, Nadia Bouzid y Saloua Bouzid. Los audios que puedes escuchar en esta p\u00e1gina son extractos de esas entrevistas.\u00a0<\/span><\/p><p><span style=\"font-weight: 400;\">La web que est\u00e1s leyendo, y toda la campa\u00f1a de comunicaci\u00f3n de este proyecto, es fruto de un <strong>proceso colaborativo y de formaci\u00f3n<\/strong> que ha implicado a una<\/span><span style=\"font-weight: 400;\"> veintena<\/span><span style=\"font-weight: 400;\"> de mujeres. A lo largo de una serie de talleres y de mucho trabajo colectivo hemos pensado juntas las palabras e im\u00e1genes con las que contar esta historia, y hemos creado este espacio. El equipo lo han formado Edith Espinola, Ximena Estevez, Jimena Gonz\u00e1lez, Carmela Bautista, Roxana Nu\u00f1ez, Beatriz Cantero, Paola Verdejo, Roc\u00edo Perea, Andrea Castej\u00f3n, Marta Acosta, Soledad Lucero, Edna Hern\u00e1ndez, Cristina Barriga, Ximena Molina y Helia del Rosario.\u00a0<br \/><br \/><\/span><span style=\"font-weight: 400;\">Las <strong>coordinadoras de este trabajo<\/strong> han sido Tatiana Retamozo, Silvina Monteros, Marta Cabezas, Laura Casielles y Paula Morais.\u00a0<\/span><\/p>\t\t\t\t\t\t<\/div>\n\t\t\t\t<\/div>\n\t\t\t\t\t<\/div>\n\t\t<\/div>\n\t\t\t\t\t\t\t<\/div>\n\t\t<\/section>\n\t\t\t\t<section class=\"elementor-section elementor-top-section elementor-element elementor-element-3880bbd elementor-section-boxed elementor-section-height-default elementor-section-height-default\" data-id=\"3880bbd\" data-element_type=\"section\">\n\t\t\t\t\t\t<div class=\"elementor-container elementor-column-gap-default\">\n\t\t\t\t\t<div class=\"elementor-column elementor-col-100 elementor-top-column elementor-element elementor-element-e0e7680\" data-id=\"e0e7680\" data-element_type=\"column\">\n\t\t\t<div class=\"elementor-widget-wrap elementor-element-populated\">\n\t\t\t\t\t\t\t\t<section class=\"elementor-section elementor-inner-section elementor-element elementor-element-e9e48f6 elementor-section-boxed elementor-section-height-default elementor-section-height-default\" data-id=\"e9e48f6\" data-element_type=\"section\">\n\t\t\t\t\t\t<div class=\"elementor-container elementor-column-gap-default\">\n\t\t\t\t\t<div class=\"elementor-column elementor-col-50 elementor-inner-column elementor-element elementor-element-37830cd\" data-id=\"37830cd\" data-element_type=\"column\">\n\t\t\t<div class=\"elementor-widget-wrap elementor-element-populated\">\n\t\t\t\t\t\t\t\t<div class=\"elementor-element elementor-element-cdc8482 elementor-widget elementor-widget-image\" data-id=\"cdc8482\" data-element_type=\"widget\" data-widget_type=\"image.default\">\n\t\t\t\t<div class=\"elementor-widget-container\">\n\t\t\t\t\t\t\t\t\t\t\t\t\t\t\t<img width=\"640\" height=\"640\" src=\"https:\/\/tirardelhilo.info\/wp-content\/uploads\/2021\/06\/AIETI.png\" class=\"attachment-large size-large\" alt=\"\" loading=\"lazy\" srcset=\"https:\/\/tirardelhilo.info\/wp-content\/uploads\/2021\/06\/AIETI.png 720w, https:\/\/tirardelhilo.info\/wp-content\/uploads\/2021\/06\/AIETI-300x300.png 300w, https:\/\/tirardelhilo.info\/wp-content\/uploads\/2021\/06\/AIETI-150x150.png 150w, https:\/\/tirardelhilo.info\/wp-content\/uploads\/2021\/06\/AIETI-400x400.png 400w, https:\/\/tirardelhilo.info\/wp-content\/uploads\/2021\/06\/AIETI-100x100.png 100w\" sizes=\"(max-width: 640px) 100vw, 640px\" \/>\t\t\t\t\t\t\t\t\t\t\t\t\t\t\t<\/div>\n\t\t\t\t<\/div>\n\t\t\t\t\t<\/div>\n\t\t<\/div>\n\t\t\t\t<div class=\"elementor-column elementor-col-50 elementor-inner-column elementor-element elementor-element-3934d58\" data-id=\"3934d58\" data-element_type=\"column\">\n\t\t\t<div class=\"elementor-widget-wrap elementor-element-populated\">\n\t\t\t\t\t\t\t\t<div class=\"elementor-element elementor-element-b2e095e elementor-widget elementor-widget-heading\" data-id=\"b2e095e\" data-element_type=\"widget\" data-widget_type=\"heading.default\">\n\t\t\t\t<div class=\"elementor-widget-container\">\n\t\t\t<h2 class=\"elementor-heading-title elementor-size-default\">AIETI<\/h2>\t\t<\/div>\n\t\t\t\t<\/div>\n\t\t\t\t<div class=\"elementor-element elementor-element-11ce81c elementor-widget elementor-widget-text-editor\" data-id=\"11ce81c\" data-element_type=\"widget\" data-widget_type=\"text-editor.default\">\n\t\t\t\t<div class=\"elementor-widget-container\">\n\t\t\t\t\t\t\t\t<p style=\"text-align: left;\">AIETI, es una organizaci\u00f3n no gubernamental de desarrollo, declarada de utilidad p\u00fablica, con 40 a\u00f1os de trayectoria institucional. En los \u00faltimos a\u00f1os ha centrado gran parte de sus esfuerzos en contribuir a la erradicaci\u00f3n de la violencia contra las mujeres y el feminicidio\/femicidio como su m\u00e1xima expresi\u00f3n. Para ello promueve fortalecimiento de capacidades, ciudadan\u00eda cr\u00edtica y alianzas estrat\u00e9gicas para la exigibilidad de los DDHH de las mujeres y j\u00f3venes (en coherencia con su l\u00ednea estrat\u00e9gica de actuar y movilizarse en defensa de los derechos de las mujeres, en especial el derecho a una vida libre de violencias machistas y de toda discriminaci\u00f3n, conectada con la participaci\u00f3n pol\u00edtica, la autonom\u00eda econ\u00f3mica y DDSSRR). Este proyecto se ha realizado en el marco de las acciones de educaci\u00f3n para ciudadan\u00eda del convenio <strong>\u201cPor el derecho de las mujeres, adolescentes y ni\u00f1as a una vida libre de violencias, en las regiones de Cusco y Lima\u201d<\/strong>, financiado por la Agencia Espa\u00f1ola de Cooperaci\u00f3n al Desarrollo (AECID). <\/p>\t\t\t\t\t\t<\/div>\n\t\t\t\t<\/div>\n\t\t\t\t\t<\/div>\n\t\t<\/div>\n\t\t\t\t\t\t\t<\/div>\n\t\t<\/section>\n\t\t\t\t\t<\/div>\n\t\t<\/div>\n\t\t\t\t\t\t\t<\/div>\n\t\t<\/section>\n\t\t\t\t<section class=\"elementor-section elementor-top-section elementor-element elementor-element-1936b54 elementor-section-boxed elementor-section-height-default elementor-section-height-default\" data-id=\"1936b54\" data-element_type=\"section\">\n\t\t\t\t\t\t<div class=\"elementor-container elementor-column-gap-default\">\n\t\t\t\t\t<div class=\"elementor-column elementor-col-100 elementor-top-column elementor-element elementor-element-916ad12\" data-id=\"916ad12\" data-element_type=\"column\">\n\t\t\t<div class=\"elementor-widget-wrap elementor-element-populated\">\n\t\t\t\t\t\t\t\t<section class=\"elementor-section elementor-inner-section elementor-element elementor-element-abedbc4 elementor-section-boxed elementor-section-height-default elementor-section-height-default\" data-id=\"abedbc4\" data-element_type=\"section\">\n\t\t\t\t\t\t<div class=\"elementor-container elementor-column-gap-default\">\n\t\t\t\t\t<div class=\"elementor-column elementor-col-100 elementor-inner-column elementor-element elementor-element-4f5891a\" data-id=\"4f5891a\" data-element_type=\"column\">\n\t\t\t<div class=\"elementor-widget-wrap\">\n\t\t\t\t\t\t\t\t\t<\/div>\n\t\t<\/div>\n\t\t\t\t\t\t\t<\/div>\n\t\t<\/section>\n\t\t\t\t<section class=\"elementor-section elementor-inner-section elementor-element elementor-element-4fe5278 elementor-section-boxed elementor-section-height-default elementor-section-height-default\" data-id=\"4fe5278\" data-element_type=\"section\">\n\t\t\t\t\t\t<div class=\"elementor-container elementor-column-gap-default\">\n\t\t\t\t\t<div class=\"elementor-column elementor-col-50 elementor-inner-column elementor-element elementor-element-ba5012c\" data-id=\"ba5012c\" data-element_type=\"column\">\n\t\t\t<div class=\"elementor-widget-wrap elementor-element-populated\">\n\t\t\t\t\t\t\t\t<div class=\"elementor-element elementor-element-08f1979 elementor-widget elementor-widget-heading\" data-id=\"08f1979\" data-element_type=\"widget\" data-widget_type=\"heading.default\">\n\t\t\t\t<div class=\"elementor-widget-container\">\n\t\t\t<h2 class=\"elementor-heading-title elementor-size-default\">RED LATINAS<\/h2>\t\t<\/div>\n\t\t\t\t<\/div>\n\t\t\t\t<div class=\"elementor-element elementor-element-076af45 elementor-widget elementor-widget-text-editor\" data-id=\"076af45\" data-element_type=\"widget\" data-widget_type=\"text-editor.default\">\n\t\t\t\t<div class=\"elementor-widget-container\">\n\t\t\t\t\t\t\t\t<p style=\"text-align: left;\">La Red de Mujeres Latinoamericanas y del Caribe, surge desde y por las mujeres migradas para tener voz propia, para expresar lo que atraviesa nuestros cuerpos en primera persona, quer\u00edamos dejar de ser objeto de estudio y reivindicarnos como sujetas pol\u00edticas.<\/p><p style=\"text-align: left;\">La RED de Mujeres Latinoamericanas y del Caribe articula 13 asociaciones y colectivas de mujeres migrantes y mujeres a t\u00edtulo individual, feministas -de origen latinoamericano- en el estado espa\u00f1ol, que\u00a0\u201chemos decidido enredarnos para que nuestras luchas sean m\u00e1s livianas, nos sostenemos unas a otras para que nuestra voz viaje en el tiempo y alcance otros cuerpos, otras mentes, otras voces\u201d.<\/p>\t\t\t\t\t\t<\/div>\n\t\t\t\t<\/div>\n\t\t\t\t\t<\/div>\n\t\t<\/div>\n\t\t\t\t<div class=\"elementor-column elementor-col-50 elementor-inner-column elementor-element elementor-element-30d96d8\" data-id=\"30d96d8\" data-element_type=\"column\">\n\t\t\t<div class=\"elementor-widget-wrap elementor-element-populated\">\n\t\t\t\t\t\t\t\t<div class=\"elementor-element elementor-element-311efb6 elementor-widget elementor-widget-image\" data-id=\"311efb6\" data-element_type=\"widget\" data-widget_type=\"image.default\">\n\t\t\t\t<div class=\"elementor-widget-container\">\n\t\t\t\t\t\t\t\t\t\t\t\t\t\t\t<img width=\"640\" height=\"640\" src=\"https:\/\/tirardelhilo.info\/wp-content\/uploads\/2021\/06\/RED.png\" class=\"attachment-large size-large\" alt=\"\" loading=\"lazy\" srcset=\"https:\/\/tirardelhilo.info\/wp-content\/uploads\/2021\/06\/RED.png 720w, https:\/\/tirardelhilo.info\/wp-content\/uploads\/2021\/06\/RED-300x300.png 300w, https:\/\/tirardelhilo.info\/wp-content\/uploads\/2021\/06\/RED-150x150.png 150w, https:\/\/tirardelhilo.info\/wp-content\/uploads\/2021\/06\/RED-400x400.png 400w, https:\/\/tirardelhilo.info\/wp-content\/uploads\/2021\/06\/RED-100x100.png 100w\" sizes=\"(max-width: 640px) 100vw, 640px\" \/>\t\t\t\t\t\t\t\t\t\t\t\t\t\t\t<\/div>\n\t\t\t\t<\/div>\n\t\t\t\t\t<\/div>\n\t\t<\/div>\n\t\t\t\t\t\t\t<\/div>\n\t\t<\/section>\n\t\t\t\t\t<\/div>\n\t\t<\/div>\n\t\t\t\t\t\t\t<\/div>\n\t\t<\/section>\n\t\t\t\t<section class=\"elementor-section elementor-top-section elementor-element elementor-element-3682307 elementor-section-boxed elementor-section-height-default elementor-section-height-default\" data-id=\"3682307\" data-element_type=\"section\">\n\t\t\t\t\t\t<div class=\"elementor-container elementor-column-gap-default\">\n\t\t\t\t\t<div class=\"elementor-column elementor-col-100 elementor-top-column elementor-element elementor-element-6454bde\" data-id=\"6454bde\" data-element_type=\"column\">\n\t\t\t<div class=\"elementor-widget-wrap elementor-element-populated\">\n\t\t\t\t\t\t\t\t<section class=\"elementor-section elementor-inner-section elementor-element elementor-element-6576ec6 elementor-section-boxed elementor-section-height-default elementor-section-height-default\" data-id=\"6576ec6\" data-element_type=\"section\">\n\t\t\t\t\t\t<div class=\"elementor-container elementor-column-gap-default\">\n\t\t\t\t\t<div class=\"elementor-column elementor-col-100 elementor-inner-column elementor-element elementor-element-21edcc4\" data-id=\"21edcc4\" data-element_type=\"column\">\n\t\t\t<div class=\"elementor-widget-wrap\">\n\t\t\t\t\t\t\t\t\t<\/div>\n\t\t<\/div>\n\t\t\t\t\t\t\t<\/div>\n\t\t<\/section>\n\t\t\t\t<section class=\"elementor-section elementor-inner-section elementor-element elementor-element-eacc57f elementor-section-boxed elementor-section-height-default elementor-section-height-default\" data-id=\"eacc57f\" data-element_type=\"section\">\n\t\t\t\t\t\t<div class=\"elementor-container elementor-column-gap-default\">\n\t\t\t\t\t<div class=\"elementor-column elementor-col-50 elementor-inner-column elementor-element elementor-element-6b5fd36\" data-id=\"6b5fd36\" data-element_type=\"column\">\n\t\t\t<div class=\"elementor-widget-wrap elementor-element-populated\">\n\t\t\t\t\t\t\t\t<div class=\"elementor-element elementor-element-1a67553 elementor-widget elementor-widget-image\" data-id=\"1a67553\" data-element_type=\"widget\" data-widget_type=\"image.default\">\n\t\t\t\t<div class=\"elementor-widget-container\">\n\t\t\t\t\t\t\t\t\t\t\t\t\t\t\t<img width=\"640\" height=\"640\" src=\"https:\/\/tirardelhilo.info\/wp-content\/uploads\/2021\/06\/UAM.png\" class=\"attachment-large size-large\" alt=\"\" loading=\"lazy\" srcset=\"https:\/\/tirardelhilo.info\/wp-content\/uploads\/2021\/06\/UAM.png 720w, https:\/\/tirardelhilo.info\/wp-content\/uploads\/2021\/06\/UAM-300x300.png 300w, https:\/\/tirardelhilo.info\/wp-content\/uploads\/2021\/06\/UAM-150x150.png 150w, https:\/\/tirardelhilo.info\/wp-content\/uploads\/2021\/06\/UAM-400x400.png 400w, https:\/\/tirardelhilo.info\/wp-content\/uploads\/2021\/06\/UAM-100x100.png 100w\" sizes=\"(max-width: 640px) 100vw, 640px\" \/>\t\t\t\t\t\t\t\t\t\t\t\t\t\t\t<\/div>\n\t\t\t\t<\/div>\n\t\t\t\t\t<\/div>\n\t\t<\/div>\n\t\t\t\t<div class=\"elementor-column elementor-col-50 elementor-inner-column elementor-element elementor-element-ace8ebb\" data-id=\"ace8ebb\" data-element_type=\"column\">\n\t\t\t<div class=\"elementor-widget-wrap elementor-element-populated\">\n\t\t\t\t\t\t\t\t<div class=\"elementor-element elementor-element-36b074e elementor-widget elementor-widget-heading\" data-id=\"36b074e\" data-element_type=\"widget\" data-widget_type=\"heading.default\">\n\t\t\t\t<div class=\"elementor-widget-container\">\n\t\t\t<h2 class=\"elementor-heading-title elementor-size-default\">UAM<\/h2>\t\t<\/div>\n\t\t\t\t<\/div>\n\t\t\t\t<div class=\"elementor-element elementor-element-e9e504b elementor-widget elementor-widget-text-editor\" data-id=\"e9e504b\" data-element_type=\"widget\" data-widget_type=\"text-editor.default\">\n\t\t\t\t<div class=\"elementor-widget-container\">\n\t\t\t\t\t\t\t\t<p style=\"text-align: left;\"><span style=\"font-weight: 400;\">La Universidad Aut\u00f3noma de Madrid (UAM) es una universidad p\u00fablica que\u00a0 combina <\/span>ense\u00f1anza de calidad, investigaci\u00f3n intensiva con un firme compromiso social, <span style=\"font-weight: 400;\">siendo un referente en estos \u00e1mbitos. Instituto Universitario de Estudios de la Mujer de la UAM\u00a0 naci\u00f3 en<\/span><a href=\"https:\/\/es.wikipedia.org\/wiki\/1993\"> <span style=\"font-weight: 400;\">1993<\/span><\/a><span style=\"font-weight: 400;\"> como espacio acad\u00e9mico multidisciplinar centrado en la investigaci\u00f3n, la innovaci\u00f3n cient\u00edfica en los estudios de las mujeres, feministas y de g\u00e9nero. Desde 2005 ofrece el Master Interdisciplinar de Estudios de G\u00e9nero. Esta campa\u00f1a\u00a0 ha sido apoyada por el programa posdoctoral InterTalentum -Marie Curie, concretamente a trav\u00e9s del proyecto <\/span><a href=\"https:\/\/www.uam.es\/FyL\/Intertalentum\/1446772468248.htm?language=es&amp;pid=1446771561654&amp;title=?Los%20derechos%20de%20las%20mujeres%20en%20el%20laberinto%20estatal:%20Una%20aproximaci?n%20desde%20la%20Antropolog?a%20a%20las%20pol?ticas%20p?blicas%20contra%20la%20violencia%20de%20g?nero%20en%20Espa?a?.\"><span style=\"font-weight: 400;\"><strong>\u201cLos derechos humanos de las mujeres en el laberinto estatal: Una aproximaci\u00f3n desde la Antropolog\u00eda a las pol\u00edticas p\u00fablicas contra la violencia de g\u00e9nero en Espa\u00f1a\u201d<\/strong>, dirigido por Marta Cabezas Fern\u00e1ndez.<\/span><span style=\"font-weight: 400;\"><br \/><\/span><\/a><\/p>\t\t\t\t\t\t<\/div>\n\t\t\t\t<\/div>\n\t\t\t\t\t<\/div>\n\t\t<\/div>\n\t\t\t\t\t\t\t<\/div>\n\t\t<\/section>\n\t\t\t\t\t<\/div>\n\t\t<\/div>\n\t\t\t\t\t\t\t<\/div>\n\t\t<\/section>\n\t\t\t\t\t\t<\/div>\n\t\t\t\t\t<\/div>\n\t\t","protected":false},"excerpt":{"rendered":"<p>El informe \u201cTirar del hilo: Historias de mujeres migradas supervivientes de violencia machista\u201d ha sido realizado por AIETI (Asociaci\u00f3n de Investigaci\u00f3n y Especializaci\u00f3n sobre Temas Iberoamericanos) y la Red de Mujeres Latinoamericanas y del Caribe. Ha contado con el apoyo de la Universidad Aut\u00f3noma de Madrid (UAM) y la Agencia Espa\u00f1ola de Cooperaci\u00f3n al Desarrollo [&hellip;]<\/p>\n","protected":false},"author":1,"featured_media":0,"parent":0,"menu_order":0,"comment_status":"closed","ping_status":"closed","template":"","meta":[],"yoast_head":"<!-- This site is optimized with the Yoast SEO plugin v16.4 - https:\/\/yoast.com\/wordpress\/plugins\/seo\/ -->\n<title>Sobre Tirar del Hilo I - Tirar del hilo<\/title>\n<meta name=\"robots\" content=\"index, follow, max-snippet:-1, max-image-preview:large, max-video-preview:-1\" \/>\n<link rel=\"canonical\" href=\"https:\/\/tirardelhilo.info\/index.php\/sobre-tirar-del-hilo-1\/\" \/>\n<meta property=\"og:locale\" content=\"es_ES\" \/>\n<meta property=\"og:type\" content=\"article\" \/>\n<meta property=\"og:title\" content=\"Sobre Tirar del Hilo I - Tirar del hilo\" \/>\n<meta property=\"og:description\" content=\"El informe \u201cTirar del hilo: Historias de mujeres migradas supervivientes de violencia machista\u201d ha sido realizado por AIETI (Asociaci\u00f3n de Investigaci\u00f3n y Especializaci\u00f3n sobre Temas Iberoamericanos) y la Red de Mujeres Latinoamericanas y del Caribe. Ha contado con el apoyo de la Universidad Aut\u00f3noma de Madrid (UAM) y la Agencia Espa\u00f1ola de Cooperaci\u00f3n al Desarrollo [&hellip;]\" \/>\n<meta property=\"og:url\" content=\"https:\/\/tirardelhilo.info\/index.php\/sobre-tirar-del-hilo-1\/\" \/>\n<meta property=\"og:site_name\" content=\"Tirar del hilo\" \/>\n<meta property=\"article:modified_time\" content=\"2022-11-28T08:49:06+00:00\" \/>\n<meta property=\"og:image\" content=\"https:\/\/tirardelhilo.info\/wp-content\/uploads\/2021\/06\/AIETI.png\" \/>\n<meta name=\"twitter:card\" content=\"summary_large_image\" \/>\n<meta name=\"twitter:label1\" content=\"Tiempo de lectura\" \/>\n\t<meta name=\"twitter:data1\" content=\"4 minutos\" \/>\n<script type=\"application\/ld+json\" class=\"yoast-schema-graph\">{\"@context\":\"https:\/\/schema.org\",\"@graph\":[{\"@type\":\"Organization\",\"@id\":\"https:\/\/tirardelhilo.info\/#organization\",\"name\":\"Tirar del hilo\",\"url\":\"https:\/\/tirardelhilo.info\/\",\"sameAs\":[],\"logo\":{\"@type\":\"ImageObject\",\"@id\":\"https:\/\/tirardelhilo.info\/#logo\",\"inLanguage\":\"es\",\"url\":\"http:\/\/tirardelhilo.info\/wp-content\/uploads\/2021\/06\/INFORME-scaled.jpg\",\"contentUrl\":\"http:\/\/tirardelhilo.info\/wp-content\/uploads\/2021\/06\/INFORME-scaled.jpg\",\"width\":2560,\"height\":1707,\"caption\":\"Tirar del hilo\"},\"image\":{\"@id\":\"https:\/\/tirardelhilo.info\/#logo\"}},{\"@type\":\"WebSite\",\"@id\":\"https:\/\/tirardelhilo.info\/#website\",\"url\":\"https:\/\/tirardelhilo.info\/\",\"name\":\"Tirar del hilo\",\"description\":\"\",\"publisher\":{\"@id\":\"https:\/\/tirardelhilo.info\/#organization\"},\"potentialAction\":[{\"@type\":\"SearchAction\",\"target\":\"https:\/\/tirardelhilo.info\/?s={search_term_string}\",\"query-input\":\"required name=search_term_string\"}],\"inLanguage\":\"es\"},{\"@type\":\"ImageObject\",\"@id\":\"https:\/\/tirardelhilo.info\/index.php\/sobre-tirar-del-hilo-1\/#primaryimage\",\"inLanguage\":\"es\",\"url\":\"https:\/\/tirardelhilo.info\/wp-content\/uploads\/2021\/06\/AIETI.png\",\"contentUrl\":\"https:\/\/tirardelhilo.info\/wp-content\/uploads\/2021\/06\/AIETI.png\",\"width\":720,\"height\":720},{\"@type\":\"WebPage\",\"@id\":\"https:\/\/tirardelhilo.info\/index.php\/sobre-tirar-del-hilo-1\/#webpage\",\"url\":\"https:\/\/tirardelhilo.info\/index.php\/sobre-tirar-del-hilo-1\/\",\"name\":\"Sobre Tirar del Hilo I - Tirar del hilo\",\"isPartOf\":{\"@id\":\"https:\/\/tirardelhilo.info\/#website\"},\"primaryImageOfPage\":{\"@id\":\"https:\/\/tirardelhilo.info\/index.php\/sobre-tirar-del-hilo-1\/#primaryimage\"},\"datePublished\":\"2021-06-01T22:16:52+00:00\",\"dateModified\":\"2022-11-28T08:49:06+00:00\",\"breadcrumb\":{\"@id\":\"https:\/\/tirardelhilo.info\/index.php\/sobre-tirar-del-hilo-1\/#breadcrumb\"},\"inLanguage\":\"es\",\"potentialAction\":[{\"@type\":\"ReadAction\",\"target\":[\"https:\/\/tirardelhilo.info\/index.php\/sobre-tirar-del-hilo-1\/\"]}]},{\"@type\":\"BreadcrumbList\",\"@id\":\"https:\/\/tirardelhilo.info\/index.php\/sobre-tirar-del-hilo-1\/#breadcrumb\",\"itemListElement\":[{\"@type\":\"ListItem\",\"position\":1,\"item\":{\"@type\":\"WebPage\",\"@id\":\"https:\/\/tirardelhilo.info\/\",\"url\":\"https:\/\/tirardelhilo.info\/\",\"name\":\"Portada\"}},{\"@type\":\"ListItem\",\"position\":2,\"item\":{\"@id\":\"https:\/\/tirardelhilo.info\/index.php\/sobre-tirar-del-hilo-1\/#webpage\"}}]}]}<\/script>\n<!-- \/ Yoast SEO plugin. -->","_links":{"self":[{"href":"https:\/\/tirardelhilo.info\/index.php\/wp-json\/wp\/v2\/pages\/1209"}],"collection":[{"href":"https:\/\/tirardelhilo.info\/index.php\/wp-json\/wp\/v2\/pages"}],"about":[{"href":"https:\/\/tirardelhilo.info\/index.php\/wp-json\/wp\/v2\/types\/page"}],"author":[{"embeddable":true,"href":"https:\/\/tirardelhilo.info\/index.php\/wp-json\/wp\/v2\/users\/1"}],"replies":[{"embeddable":true,"href":"https:\/\/tirardelhilo.info\/index.php\/wp-json\/wp\/v2\/comments?post=1209"}],"version-history":[{"count":43,"href":"https:\/\/tirardelhilo.info\/index.php\/wp-json\/wp\/v2\/pages\/1209\/revisions"}],"predecessor-version":[{"id":3410,"href":"https:\/\/tirardelhilo.info\/index.php\/wp-json\/wp\/v2\/pages\/1209\/revisions\/3410"}],"wp:attachment":[{"href":"https:\/\/tirardelhilo.info\/index.php\/wp-json\/wp\/v2\/media?parent=1209"}],"curies":[{"name":"wp","href":"https:\/\/api.w.org\/{rel}","templated":true}]}}